{"id":5795,"date":"2025-02-27T10:54:04","date_gmt":"2025-02-27T10:54:04","guid":{"rendered":"https:\/\/ducami.com\/dev\/demo2\/design16\/?page_id=5795"},"modified":"2025-12-03T22:14:12","modified_gmt":"2025-12-03T22:14:12","slug":"home","status":"publish","type":"page","link":"https:\/\/autismcareplus.com\/es\/","title":{"rendered":"Inicio"},"content":{"rendered":"<h2><!--\r\n\t-->ABA PERSONALIZADO<br \/>TERAPIA EN<!--\t--><!--\r\n\t--><\/h2>\r\n\n\n\t<style>\n\t\t.location_box_main {\n\t\t\twidth: 800px;\n\t\t\tbackground-color: #fff;\n\t\t\tpadding: 35px;\n\t\t\tborder-radius: 10px;\n\t\t}\n\n\t\t.location_box_main h3 {\n\t\t\tcolor: #000;\n\t\t\tfont-family: 'Inter';\n\t\t\tfont-size: 20px;\n\t\t\tletter-spacing: 0.3px;\n\t\t\tmargin: 0px;\n\t\t}\n\n\t\t.select_locter_main {\n\t\t\twidth: 77%;\n\t\t\tdisplay: flex;\n\t\t\tgap: 12px;\n\t\t}\n\n\t\t.select_locter {\n\t\t\tposition: relative;\n\t\t\twidth: 50%;\n\t\t}\n\n\t\t.select_locter select {\n\t\t\twidth: 100%;\n\t\t\tfont-size: 16px !important;\n\t\t\tbackground-position: 22px;\n\t\t\tbackground-repeat: no-repeat;\n\t\t\tborder-radius: 10rem;\n\t\t\twidth: 100%;\n\t\t\theight: 57px;\n\t\t\tmargin-bottom: 0;\n\t\t\tbackground-image: url(https:\/\/cdn.prod.website-files.com\/6683732\u2026\/66ba4cf\u2026_abc-input-location-marker.svg);\n\t\t\tpadding: .5rem 1rem .5rem 3.5rem;\n\t\t\tborder: 1px solid #7c828c26;\n\t\t\tbackground-color: #f9fafb;\n\t\t\tcolor: #232a30;\n\t\t\tposition: relative;\n\t\t}\n\n\t\t.select_locter {\n\t\t\tposition: relative;\n\t\t}\n\n\t\t.select_locter:after {\n\t\t\tposition: absolute;\n\t\t\ttop: 7px;\n\t\t\tbottom: 0px;\n\t\t\tfont-size: 28px;\n\t\t\tleft: 25px;\n\t\t\tcontent: \"\\f041\";\n\t\t\tz-index: 11111111111;\n\t\t\tfont-family: Fontawesome;\n\t\t\tcolor: #346ca2;\n\t\t\tmargin: auto;\n\t\t}\n\n\t\t.location_box_main_contant {\n\t\t\tdisplay: flex;\n\t\t\talign-items: center;\n\t\t}\n\n\t\t.fing_btn {\n\t\t\twidth: calc(100% - 77%);\n\t\t}\n\n\t\t.location_box_main_contant {\n\t\t\tmargin-top: 20px;\n\t\t\tgap: 12px;\n\t\t}\n\n\t\t.fing_btn button {\n\t\t\twidth: 100%;\n\t\t\tdisplay: flex;\n\t\t\talign-items: center;\n\t\t\theight: 57px;\n\t\t\tborder: none !important;\n\t\t\tborder-radius: 10rem;\n\t\t\tjustify-content: center;\n\t\t\tbackground: #346CA2;\n\t\t\tcolor: #fff;\n\t\t\tfont-family: 'Inter';\n\t\t\tfont-size: 17px;\n\t\t}\n\n\t\t.location_box_main span {\n\t\t\tdisplay: inline-block;\n\t\t\tmargin-top: 20px;\n\t\t\tfont-size: 16px;\n\t\t\tfont-family: 'Inter';\n\t\t\tcolor: #5e5e5e;\n\t\t}\n\t<\/style>\n\n\t<div class=\"location_box_main\">\n\t\t<h3>Encuentre atenci\u00f3n para el autismo cerca de m\u00ed:<\/h3>\n\t\t<div class=\"location_box_main_contant\">\n\n\t\t\t<div class=\"select_locter_main\">\n\t\t\t\t<div class=\"select_locter\">\n\t\t\t\t\t<!-- <select class=\"form-select\" aria-label=\"Default select example\">\n\t\t\t\t\t<option selected>Select Location<\/option>\n\t\t\t\t\t<option value=\"1\">Colorado - Pueblo<\/option>\n\t\t\t\t\t<option value=\"2\">Colorado - Boulder<\/option>\n\t\t\t\t\t<option value=\"3\">Colorado - Colorado Springs<\/option>\n\t\t\t\t\t<option value=\"3\">Texas  - Katy<\/option>\n\t\t\t\t<\/select> -->\n\n\t\t\t\t\t<select id=\"state-dropdown\">\n\t\t\t\t\t\t<option value=\"\">Seleccionar estado<\/option>\n\t\t\t\t\t\t<option value=\"colorado\">Colorado<\/option><option value=\"nebraska\">Nebraska<\/option><option value=\"nevada\">Nevada<\/option><option value=\"texas\">Texas<\/option>\t\t\t\t\t<\/select>\n\n\t\t\t\t<\/div>\n\t\t\t\t<div class=\"select_locter\">\n\t\t\t\t\t<select id=\"city-dropdown\">\n\t\t\t\t\t\t<option value=\"\">Seleccionar ciudad<\/option>\n\t\t\t\t\t<\/select>\n\n\t\t\t\t<\/div>\n\t\t\t<\/div>\n\n\n\t\t\t<div class=\"fing_btn\">\n\t\t\t\t<button type=\"button\" id=\"find-care\">Encuentre atenci\u00f3n m\u00e9dica<\/button>\n\t\t\t<\/div>\n\t\t<\/div>\n\n\t\t<div class=\"isright_txtaftrfrm\">\n\t\t\t<a href=\"#0\" class=\"aftrlctinbnrs\"><i class=\"fa fa-question-circle-o\" aria-hidden=\"true\"><\/i> \u00bfEs Autism Care Plus adecuado para usted?<\/a>\n\t\t\t<span class=\"hvrshowinf\"> En Autism Care Plus, somos una organizaci\u00f3n propiedad de BCBA fundada por padres de un ni\u00f1o con autismo. Ofrecemos terapia para ni\u00f1os de 2 a 21 a\u00f1os en los entornos que mejor se adapten a su familia, ya sea en casa, en la escuela, en la cl\u00ednica o en la comunidad.<\/span>\n\t\t<\/div>\t\t\t\n\t\t\t\n\t<\/div>\n\n\n\t\r\n<h2>Principales compa\u00f1\u00edas de seguros aceptadas:<\/h2>\r\n\r\n\r\n\t<style>\r\n\t\t.logo_slider_main {\r\n\t\t\twidth: 100%;\r\n\t\t}\r\n\r\n\t\t.logo_slider {\r\n\t\t\twidth: 100%;\r\n\t\t\tdisplay: flex;\r\n\t\t}\r\n\r\n\t\t.logo_slider .logo {\r\n\t\t\twidth: 120px !important;\r\n\t\t\tdisplay: flex !important;\r\n\t\t\tjustify-content: center;\r\n\t\t\talign-items: center;\r\n\t\t}\r\n\t<\/style>\r\n\r\n\r\n    <div class=\"logo_slider_main\">\r\n        <div class=\"logo_slider\">\r\n                    <\/div>\r\n    <\/div>\r\n\r\n\r\n\r\n\t\r\n<h2>Ayuda profesional cerca de ti<\/h2>\r\n<h3>Personalized, Evidence-Based Autism Care You Can Rely On<\/h3>\r\n<p><strong>Nuestras cl\u00ednicas han crecido hasta ofrecer instalaciones para el diagn\u00f3stico y el tratamiento manipulativo del trastorno del espectro autista.<\/strong>Autism Care Plus, founded by a BCBA and a special needs child&#8217;s mom, is committed to providing effective Applied Behavior Analysis (ABA) services for children with developmental disabilities and autism spectrum disorders.\u00a0Our evidence-based, personalized ABA programs focus on enhancing adaptive and social-emotional behaviors, promoting independence, and improving the overall quality of life. Autism Care Plus, founded by a BCBA and a special needs child&#8217;s mom, is committed to providing effective Applied Behavior Analysis. <img loading=\"lazy\" decoding=\"async\" title=\"ni\u00f1os_sobre_im\u00e1genes\" src=\"https:\/\/autismcareplus.com\/wp-content\/uploads\/2025\/03\/kids_about_imgs.png\" alt=\"kids_about_imgs\" width=\"700\" height=\"700\" \/><\/p>\r\n<h2>Ayuda profesional cerca de ti<\/h2>\r\n<h3>Proveedor l\u00edder de servicios ABA avanzados y punteros en el sector.<\/h3>\r\n<p><img decoding=\"async\" title=\"001-fisioterapia\" src=\"https:\/\/autismcareplus.com\/wp-content\/uploads\/bb-plugin\/cache\/001-pssshysical-therapy-square.png\" alt=\"001-pssshysical-therapy\" \/><\/p>\r\n<h3>Terapia ABA<\/h3>\r\n<p>El ABA es eficaz para mejorar los comportamientos verbales positivos, como la escucha activa, el seguimiento de instrucciones y los saludos sociales.<\/p>\r\n<p><a role=\"button\" href=\"https:\/\/autismcareplus.com\/es\/aba-therapy\/\" target=\"_self\" aria-label=\"Leer m\u00e1s\"> Leer m\u00e1s <\/a> <img decoding=\"async\" title=\"002-entrenamiento\" src=\"https:\/\/autismcareplus.com\/wp-content\/uploads\/bb-plugin\/cache\/002-traisssning-square.png\" alt=\"002-traisssning\" \/><\/p>\r\n<h3>Formaci\u00f3n para padres<\/h3>\r\n<p>Parent training plays a pivotal role in the realm of ABA Therapy. It empowers parents to actively engage in their child&#8217;s care by imparting<\/p>\r\n<p><a role=\"button\" href=\"https:\/\/autismcareplus.com\/es\/parent-training\/\" target=\"_self\" aria-label=\"Leer m\u00e1s\"> Leer m\u00e1s <\/a> <img decoding=\"async\" title=\"003-pensamiento creativo\" src=\"https:\/\/autismcareplus.com\/wp-content\/uploads\/bb-plugin\/cache\/003-crssseative-thinking-square.png\" alt=\"003-crssseative-thinking\" \/><\/p>\r\n<h3>Grupo de habilidades sociales<\/h3>\r\n<p>Las habilidades sociales abarcan todo el espectro de nuestra comunicaci\u00f3n, incluyendo tanto elementos verbales como no verbales, como el tono de voz.<\/p>\r\n<p><a role=\"button\" href=\"https:\/\/autismcareplus.com\/es\/social-skills-group\/\" target=\"_self\" aria-label=\"Leer m\u00e1s\"> Leer m\u00e1s <\/a> <a href=\"https:\/\/autismcareplus.com\/es\/our-services\/\" target=\"_self\"> Explore todos los servicios <\/a><\/p>\r\n<h2>Nuestro enfoque<\/h2>\r\n<h3>Solo lo mejor<\/h3>\r\n<p>Our mission is to cultivate trust, build rapport, and foster a love for learning, offering children with autism a strong foundation for continuous growth and development. Our devoted staff is committed to helping each child unlock their distinct potential &#8211; covering adaptive, behavioral, cognitive, and social aspects &#8211; by employing data-driven, scientifically proven ABA techniques.<\/p>\r\n<p><img decoding=\"async\" title=\"conductual (1)\" src=\"https:\/\/autismcareplus.com\/wp-content\/uploads\/2025\/03\/behavioral-1.png\" alt=\"behavioral (1)\" \/><\/p>\r\n<h3>An\u00e1lisis conductual aplicado<\/h3>\r\n<p><img decoding=\"async\" title=\"curso (1)\" src=\"https:\/\/autismcareplus.com\/wp-content\/uploads\/2025\/03\/course-1.png\" alt=\"course (1)\" \/><\/p>\r\n<h3>Entrenamiento por ensayos discretos<\/h3>\r\n<p><img decoding=\"async\" title=\"an\u00e1lisis (1)\" src=\"https:\/\/autismcareplus.com\/wp-content\/uploads\/2025\/03\/analytics-1.png\" alt=\"analytics (1)\" \/><\/p>\r\n<h3>Comportamiento verbal<\/h3>\r\n<p><img decoding=\"async\" title=\"curso (1)\" src=\"https:\/\/autismcareplus.com\/wp-content\/uploads\/2025\/03\/course-1.png\" alt=\"course (1)\" \/><\/p>\r\n<h3>Ense\u00f1anza incidental<\/h3>\r\n<p><img decoding=\"async\" title=\"Servicio las 24 horas (1) (1)\" src=\"https:\/\/autismcareplus.com\/wp-content\/uploads\/2025\/03\/24-hours-service-1-1.png\" alt=\"24-hours-service (1) (1)\" \/><\/p>\r\n<h3>Apoyo al comportamiento positivo<\/h3>\r\n<p><img decoding=\"async\" title=\"empresarios (1)\" src=\"https:\/\/autismcareplus.com\/wp-content\/uploads\/2025\/03\/business-people-1.png\" alt=\"business-people (1)\" \/><\/p>\r\n<h3>Comunicaci\u00f3n aumentativa y alternativa<\/h3>\r\n<p><img decoding=\"async\" title=\"comportamiento cognitivo (1)\" src=\"https:\/\/autismcareplus.com\/wp-content\/uploads\/2025\/03\/cognitive-behavior-1.png\" alt=\"cognitive-behavior (1)\" \/><\/p>\r\n<h3>Evaluaci\u00f3n continua del programa<\/h3>\r\n<p><img decoding=\"async\" title=\"cognitive-behavior-1-150x150\" src=\"https:\/\/autismcareplus.com\/wp-content\/uploads\/2025\/04\/cognitive-behavior-1-150x150-1.webp\" alt=\"cognitive-behavior-1-150x150\" \/><\/p>\r\n<h3>Parent &amp; Caregiver Training<\/h3>\r\n<h2>Nuestras cl\u00ednicas se han expandido para ofrecer un enfoque hol\u00edstico del tratamiento, aplicando las metodolog\u00edas ABA m\u00e1s eficaces.<\/h2>\r\n<p><a href=\"https:\/\/autismcareplus.com\/es\/locations\/colorado\/pueblo-center\/\" target=\"_self\"> ENCUENTRA UBICACI\u00d3N <\/a> <a href=\"https:\/\/autismcareplus.com\/es\/contact-us\/\" target=\"_self\"> CONT\u00c1CTENOS AHORA <\/a><\/p>\r\n<h2>Preguntas frecuentes<\/h2>\r\n<h3>Con frecuencia <br \/>preguntas formuladas<\/h3>\r\n<h3>\u00bfC\u00f3mo podemos ayudarle?<\/h3>\r\n<p>We&#8217;ve pulled some of the most frequently asked questions and compiled them into one place. Should you have any other questions that we may have missed, contact us and we will do our best to help you.<\/p>\r\n<h3>\u00bfQu\u00e9 necesito para empezar?<\/h3>\r\n<p>Si planea utilizar el seguro, es esencial que presente una copia de su tarjeta de seguro. Adem\u00e1s, su hijo debe haber recibido un diagn\u00f3stico de autismo antes de cumplir 10 a\u00f1os. Deber\u00e1 proporcionar lo siguiente:<\/p>\r\n<ul>\r\n<li>\r\n<p>Una copia del informe diagn\u00f3stico emitido por un profesional calificado, como un pediatra, psic\u00f3logo, neur\u00f3logo, etc.<\/p>\r\n<\/li>\r\n<li>\r\n<p>Una receta de una persona calificada, como su pediatra, que indique la necesidad m\u00e9dica de la terapia ABA para su hijo.<\/p>\r\n<\/li>\r\n<\/ul>\r\n<h3>\u00bfQu\u00e9 seguros aceptan?<\/h3>\r\n<p>Estamos trabajando con las principales aseguradoras de Texas y Colorado para entrar en su red. Consulte la secci\u00f3n Seguros para obtener m\u00e1s informaci\u00f3n.\u00a0<\/p>\r\n<h3>\u00bfPor qu\u00e9 elegirnos?<\/h3>\r\n<p>Autism Care Plus es propiedad de un BCBA, padre de un ni\u00f1o con necesidades especiales, con amplia experiencia cl\u00ednica en entornos dom\u00e9sticos y escolares. Como modesta empresa familiar, creamos un entorno acogedor y compasivo destinado a disminuir los comportamientos indeseables y mejorar las habilidades ling\u00fc\u00edsticas y sociales. Nuestro objetivo es garantizar que el ABA sea una experiencia positiva y eficaz para su hijo, sin aumentar su ansiedad. Adem\u00e1s, tenemos en cuenta las necesidades espec\u00edficas de cada familia y fomentamos una estrecha colaboraci\u00f3n con los cuidadores para maximizar la transferibilidad de las habilidades.\u00a0<\/p>\r\n<h2>\u00a1La mejor atenci\u00f3n posible!<\/h2>\r\n<h3>Diferentes tipos de servicios<\/h3>\r\n<p>El ABA es eficaz para mejorar los comportamientos verbales positivos, como la escucha activa, seguir instrucciones y los saludos sociales. Sus principios y t\u00e9cnicas tambi\u00e9n se pueden aplicar para ense\u00f1ar nuevas habilidades, como usar cubiertos, responder preguntas o administrar las finanzas.<\/p>\r\n<p><a href=\"https:\/\/autismcareplus.com\/es\/our-services\/\" target=\"_self\"> Ver todo el departamento <\/a> <img loading=\"lazy\" decoding=\"async\" title=\"ni\u00f1os (1)\" src=\"https:\/\/autismcareplus.com\/wp-content\/uploads\/2025\/03\/children-1.png\" alt=\"children (1)\" width=\"512\" height=\"512\" \/> 100+ Child <img loading=\"lazy\" decoding=\"async\" title=\"objetivo (1)\" src=\"https:\/\/autismcareplus.com\/wp-content\/uploads\/2025\/03\/target-1.png\" alt=\"target (1)\" width=\"512\" height=\"512\" \/> 50,000+ hrs of therapy \/ year <img loading=\"lazy\" decoding=\"async\" title=\"insignia (1)\" src=\"https:\/\/autismcareplus.com\/wp-content\/uploads\/2025\/03\/badge-1.png\" alt=\"badge (1)\" width=\"512\" height=\"512\" \/> 50+ Experts <img loading=\"lazy\" decoding=\"async\" title=\"estudiante (1)\" src=\"https:\/\/autismcareplus.com\/wp-content\/uploads\/2025\/03\/student-1.png\" alt=\"student (1)\" width=\"512\" height=\"512\" \/> 4+ locations<\/p>\r\n<h2>Nuestros blogs<\/h2>\r\n<h3>Noticias y art\u00edculos<\/h3>\r\n<p><a title=\"5 estrategias para ense\u00f1ar habilidades de seguridad a los ni\u00f1os con autismo\" href=\"https:\/\/autismcareplus.com\/es\/5-strategies-for-teaching-safety-skills-to-children-on-the-autism-spectrum\/\" target=\"_self\"> <img decoding=\"async\" src=\"https:\/\/autismcareplus.com\/wp-content\/uploads\/2025\/03\/portrait-gorgeous-hispanic-preschool-teacher-teaching-her-students-classroom-scaled.webp\" alt=\"\" \/> <\/a><\/p>\r\n<h5>17 de marzo de 2025<\/h5>\r\n<h3><a tabindex=\"0\" title=\"5 estrategias para ense\u00f1ar habilidades de seguridad a los ni\u00f1os con autismo\" href=\"https:\/\/autismcareplus.com\/es\/5-strategies-for-teaching-safety-skills-to-children-on-the-autism-spectrum\/\">5 estrategias para ense\u00f1ar habilidades de seguridad a los ni\u00f1os con autismo<\/a><\/h3>\r\n<p>I am passionate about empowering children with special needs and their &#8230; <a role=\"button\" href=\"https:\/\/autismcareplus.com\/es\/5-strategies-for-teaching-safety-skills-to-children-on-the-autism-spectrum\/\" target=\"_self\" aria-label=\"Leer m\u00e1s\"> Leer m\u00e1s <\/a> <a title=\"\u00bfQu\u00e9 es el consentimiento? \u00bfQu\u00e9 es la aprobaci\u00f3n?\" href=\"https:\/\/autismcareplus.com\/es\/what-is-consent-what-is-assent\/\" target=\"_self\"> <img decoding=\"async\" src=\"https:\/\/autismcareplus.com\/wp-content\/uploads\/2024\/01\/optimized-image-2-3.jpg\" alt=\"\" \/> <\/a><\/p>\r\n<h5>17 de marzo de 2025<\/h5>\r\n<h3><a tabindex=\"0\" title=\"\u00bfQu\u00e9 es el consentimiento? \u00bfQu\u00e9 es la aprobaci\u00f3n?\" href=\"https:\/\/autismcareplus.com\/es\/what-is-consent-what-is-assent\/\">\u00bfQu\u00e9 es el consentimiento? \u00bfQu\u00e9 es la aprobaci\u00f3n?<\/a><\/h3>\r\n<p>What is Consent? What is Assent? Many people use the terms &#8230; <a role=\"button\" href=\"https:\/\/autismcareplus.com\/es\/what-is-consent-what-is-assent\/\" target=\"_self\" aria-label=\"Leer m\u00e1s\"> Leer m\u00e1s <\/a> <a title=\"Mantener un ritmo r\u00e1pido en la ense\u00f1anza\" href=\"https:\/\/autismcareplus.com\/es\/maintaining-a-fast-paced-instruction\/\" target=\"_self\"> <img decoding=\"async\" src=\"https:\/\/autismcareplus.com\/wp-content\/uploads\/2024\/01\/optimized-image-3-3.jpg\" alt=\"\" \/> <\/a><\/p>\r\n<h5>17 de marzo de 2025<\/h5>\r\n<h3><a tabindex=\"0\" title=\"Mantener un ritmo r\u00e1pido en la ense\u00f1anza\" href=\"https:\/\/autismcareplus.com\/es\/maintaining-a-fast-paced-instruction\/\">Mantener un ritmo r\u00e1pido en la ense\u00f1anza<\/a><\/h3>\r\n<p>There&#8217;s a common misconception that individuals with special needs require a &#8230; <a role=\"button\" href=\"https:\/\/autismcareplus.com\/es\/maintaining-a-fast-paced-instruction\/\" target=\"_self\" aria-label=\"Leer m\u00e1s\"> Leer m\u00e1s <\/a><\/p>","protected":false},"excerpt":{"rendered":"<p>PERSONALIZED ABATHERAPY AT Top insurance providers accepted: Professional Help Near You Personalized, Evidence-Based Autism Care You Can Rely On Our clinics have grown to provide facility of the diagnosis manipulative treatment for autism spectrum disorder.Autism Care Plus, founded by a BCBA and a special needs child&#8217;s mom, is committed to providing effective Applied Behavior Analysis [&hellip;]<\/p>\n","protected":false},"author":1,"featured_media":0,"parent":0,"menu_order":0,"comment_status":"closed","ping_status":"closed","template":"","meta":{"footnotes":""},"class_list":["post-5795","page","type-page","status-publish","hentry"],"acf":[],"_links":{"self":[{"href":"https:\/\/autismcareplus.com\/es\/wp-json\/wp\/v2\/pages\/5795","targetHints":{"allow":["GET"]}}],"collection":[{"href":"https:\/\/autismcareplus.com\/es\/wp-json\/wp\/v2\/pages"}],"about":[{"href":"https:\/\/autismcareplus.com\/es\/wp-json\/wp\/v2\/types\/page"}],"author":[{"embeddable":true,"href":"https:\/\/autismcareplus.com\/es\/wp-json\/wp\/v2\/users\/1"}],"replies":[{"embeddable":true,"href":"https:\/\/autismcareplus.com\/es\/wp-json\/wp\/v2\/comments?post=5795"}],"version-history":[{"count":2,"href":"https:\/\/autismcareplus.com\/es\/wp-json\/wp\/v2\/pages\/5795\/revisions"}],"predecessor-version":[{"id":17167,"href":"https:\/\/autismcareplus.com\/es\/wp-json\/wp\/v2\/pages\/5795\/revisions\/17167"}],"wp:attachment":[{"href":"https:\/\/autismcareplus.com\/es\/wp-json\/wp\/v2\/media?parent=5795"}],"curies":[{"name":"wp","href":"https:\/\/api.w.org\/{rel}","templated":true}]}}