{"id":16997,"date":"2025-03-15T13:29:39","date_gmt":"2025-03-15T13:29:39","guid":{"rendered":"https:\/\/autismcareplus.com\/?page_id=16997"},"modified":"2025-04-25T10:04:25","modified_gmt":"2025-04-25T10:04:25","slug":"careers","status":"publish","type":"page","link":"https:\/\/autismcareplus.com\/es\/careers\/","title":{"rendered":"Empleos"},"content":{"rendered":"<h3>Empleos<\/h3>\t\t\t\n\t\t\t\t<p>Join Autism Care Plus to build a rewarding career in ABA therapy and make a meaningful impact on children&#8217;s lives. Be a part of a passionate team dedicated to creating positive change-one child at a time.<\/p>\n<h2>\n\t\tEmpleos\n\t<\/h2>\n\t<h3>\n\t\t\t\tWe&#8217;re Hiring!\n\t\t\t<\/h3>\n\t\t\t\t<img decoding=\"async\" src=\"https:\/\/autismcareplus.com\/wp-content\/uploads\/bb-plugin\/cache\/technician-1-square.png\" alt=\"technician (1)\" title=\"technician (1)\" itemprop=\"image\"\/>\n\t\t<h3>Behavior Technician<\/h3>\t\t\t\n\t\t\t\t<p>Behavior Technician (BT\u00ae) services support the implementation of behavior intervention plans. Autism Care Plus enhances independence and quality of life for individuals and families. Behavior assistants work with caregivers to apply strategies effectively. Their goal is to ensure positive outcomes and meaningful progress.<\/p>\n\t\t\t\t<img decoding=\"async\" src=\"https:\/\/autismcareplus.com\/wp-content\/uploads\/bb-plugin\/cache\/software-1-square.png\" alt=\"software (1)\" title=\"software (1)\" itemprop=\"image\"\/>\n\t\t<h3>Program Manager<\/h3>\t\t\t\n\t\t\t\t<p>Autism Care Plus. is seeking a self-motivated, quick-thinking Behavior Clinical Supervisor (BCaBA Preferred) who possesses the ability to solve problems in the moment. This person must be driven to acquire new skills in a fast-paced environment and transfer those skills to staff and families through effective hands-on training.<\/p>\n\t\t\t\t<img decoding=\"async\" src=\"https:\/\/autismcareplus.com\/wp-content\/uploads\/bb-plugin\/cache\/data-visualization-1-1-square.png\" alt=\"data-visualization (1) (1)\" title=\"data-visualization (1) (1)\" itemprop=\"image\"\/>\n\t\t<h3>Clinical Supervisor<\/h3>\t\t\t\n\t\t\t\t<p>Autism Care Plus is looking for a proactive BCBA with strong problem-solving skills. The role involves hands-on training for staff and families in a fast-paced environment. The BCBA will develop and\u00a0 individualized behavior intervention programs. These programs focus on behavior acquisition and reduction using ABA principles.<\/p>\n\t<h3>\n\t\t\t\tApply <br \/>Join Our Team\n\t\t\t<\/h3>\n\t\t\tPlease fill out all the sections below before submitting the information. You can also send you resume to\u00a0<a href=\"mailto:careers@autismcareplus.com\" data-auto-recognition=\"true\">careers@autismcareplus.com<\/a>\t\n\t<p>By providing your phone number, you agree to receive messages related to interviews. You can reply STOP anytime to opt-out.<\/p>\n<h2>\n\t\tPreguntas frecuentes\n\t<\/h2>\n\t<h3>\n\t\t\t\tCon frecuencia <br \/>preguntas formuladas\n\t\t\t<\/h3>\n\t\t\t<h3>\u00bfC\u00f3mo podemos ayudarle?<\/h3>\t\t\t\n\t\t\t\t<p>We&#8217;ve pulled some of the most frequently asked questions and compiled them into one place. Should you have any other questions that we may have missed, contact us and we will do our best to help you.<\/p>\n\t\t\t<h3>\u00bfQu\u00e9 necesito para empezar?<\/h3>\t\t\t\n\t\t\t\t<p>Si planea utilizar el seguro, es esencial que presente una copia de su tarjeta de seguro. Adem\u00e1s, su hijo debe haber recibido un diagn\u00f3stico de autismo antes de cumplir 10 a\u00f1os. Deber\u00e1 proporcionar lo siguiente:<\/p>\n<ul>\n<li>\n<p>Una copia del informe diagn\u00f3stico emitido por un profesional calificado, como un pediatra, psic\u00f3logo, neur\u00f3logo, etc.<\/p>\n<\/li>\n<li>\n<p>Una receta de una persona calificada, como su pediatra, que indique la necesidad m\u00e9dica de la terapia ABA para su hijo.<\/p>\n<\/li>\n<\/ul>\n\t\t\t<h3>\u00bfQu\u00e9 seguros aceptan?<\/h3>\t\t\t\n\t\t\t\t<p>Estamos trabajando con las principales aseguradoras de Texas y Colorado para entrar en su red. Consulte la secci\u00f3n Seguros para obtener m\u00e1s informaci\u00f3n.\u00a0<\/p>\n\t\t\t<h3>\u00bfPor qu\u00e9 elegirnos?<\/h3>\t\t\t\n\t\t\t\t<p>Autism Care Plus es propiedad de un BCBA, padre de un ni\u00f1o con necesidades especiales, con amplia experiencia cl\u00ednica en entornos dom\u00e9sticos y escolares. Como modesta empresa familiar, creamos un entorno acogedor y compasivo destinado a disminuir los comportamientos indeseables y mejorar las habilidades ling\u00fc\u00edsticas y sociales. Nuestro objetivo es garantizar que el ABA sea una experiencia positiva y eficaz para su hijo, sin aumentar su ansiedad. Adem\u00e1s, tenemos en cuenta las necesidades espec\u00edficas de cada familia y fomentamos una estrecha colaboraci\u00f3n con los cuidadores para maximizar la transferibilidad de las habilidades.\u00a0<\/p>","protected":false},"excerpt":{"rendered":"<p>Careers Join Autism Care Plus to build a rewarding career in ABA therapy and make a meaningful impact on children&#8217;s lives. Be a part of a passionate team dedicated to creating positive change-one child at a time. Careers We&#8217;re Hiring! Behavior Technician Behavior Technician (BT\u00ae) services support the implementation of behavior intervention plans. Autism Care [&hellip;]<\/p>\n","protected":false},"author":1,"featured_media":0,"parent":0,"menu_order":0,"comment_status":"closed","ping_status":"closed","template":"","meta":{"footnotes":""},"class_list":["post-16997","page","type-page","status-publish","hentry"],"acf":[],"_links":{"self":[{"href":"https:\/\/autismcareplus.com\/es\/wp-json\/wp\/v2\/pages\/16997","targetHints":{"allow":["GET"]}}],"collection":[{"href":"https:\/\/autismcareplus.com\/es\/wp-json\/wp\/v2\/pages"}],"about":[{"href":"https:\/\/autismcareplus.com\/es\/wp-json\/wp\/v2\/types\/page"}],"author":[{"embeddable":true,"href":"https:\/\/autismcareplus.com\/es\/wp-json\/wp\/v2\/users\/1"}],"replies":[{"embeddable":true,"href":"https:\/\/autismcareplus.com\/es\/wp-json\/wp\/v2\/comments?post=16997"}],"version-history":[{"count":2,"href":"https:\/\/autismcareplus.com\/es\/wp-json\/wp\/v2\/pages\/16997\/revisions"}],"predecessor-version":[{"id":17103,"href":"https:\/\/autismcareplus.com\/es\/wp-json\/wp\/v2\/pages\/16997\/revisions\/17103"}],"wp:attachment":[{"href":"https:\/\/autismcareplus.com\/es\/wp-json\/wp\/v2\/media?parent=16997"}],"curies":[{"name":"wp","href":"https:\/\/api.w.org\/{rel}","templated":true}]}}