{"id":16828,"date":"2025-03-12T09:14:29","date_gmt":"2025-03-12T09:14:29","guid":{"rendered":"https:\/\/autismcareplus.com\/?page_id=16828"},"modified":"2025-04-29T04:47:02","modified_gmt":"2025-04-29T04:47:02","slug":"about-us","status":"publish","type":"page","link":"https:\/\/autismcareplus.com\/es\/about-us\/","title":{"rendered":"Acerca de nosotros"},"content":{"rendered":"<h3> Our  Story<\/h3>\t\t\t\n\t\t\t\t<p>At Autism Care Plus, we are dedicated to delivering exceptional ABA therapy, helping children achieve meaningful growth and lasting change.<\/p>\n\t\t\t\t<img decoding=\"async\" src=\"https:\/\/autismcareplus.com\/wp-content\/uploads\/2025\/03\/dawdada-min.png\" alt=\"dawdada-min\" itemprop=\"image\" title=\"dawdada-min\" onerror=\"this.style.display='none'\"  \/>\n\t<h3>\n\t\t\t\tGet to Know Us\n\t\t\t<\/h3>\n\t\t\tAutism Care Plus was founded by a dedicated BCBA and a loving mother of a special needs child. With a deep understanding of the challenges faced by children with developmental disabilities and autism spectrum disorders, we are committed to providing high-quality Applied Behavior Analysis (ABA) services.\u00a0Our evidence-based and personalized ABA programs are designed to enhance adaptive skills, improve social-emotional behaviors, and foster independence. We believe in creating a supportive environment where every child receives the care and guidance they need to thrive.\t\n\t\t\t\t<img decoding=\"async\" src=\"https:\/\/autismcareplus.com\/wp-content\/uploads\/2025\/03\/children-1-1.png\" alt=\"children-1 (1)\" itemprop=\"image\" title=\"children-1 (1)\" onerror=\"this.style.display='none'\"  \/>\n\t\t100+\n\t\t\t\t\tChild\n\t\t\t\t<img decoding=\"async\" src=\"https:\/\/autismcareplus.com\/wp-content\/uploads\/2025\/03\/target-1-1.png\" alt=\"target-1 (1)\" itemprop=\"image\" title=\"target-1 (1)\" onerror=\"this.style.display='none'\"  \/>\n\t\t50,000+\n\t\t\t\t\thrs of therapy \/ year\n\t\t\t\t<img decoding=\"async\" src=\"https:\/\/autismcareplus.com\/wp-content\/uploads\/2025\/03\/badge-1-1.png\" alt=\"badge-1 (1)\" itemprop=\"image\" title=\"badge-1 (1)\" onerror=\"this.style.display='none'\"  \/>\n\t\t50+\n\t\t\t\t\tExperts\n\t\t\t\t<img decoding=\"async\" src=\"https:\/\/autismcareplus.com\/wp-content\/uploads\/2025\/03\/student-1-1.png\" alt=\"student-1 (1)\" itemprop=\"image\" title=\"student-1 (1)\" onerror=\"this.style.display='none'\"  \/>\n\t\t4+\n\t\t\t\t\tlocations\n\t<h3>\n\t\t\t\tNuestro enfoque\n\t\t\t<\/h3>\n\t\t\tOur mission is to cultivate trust, build rapport, and foster a love for learning, offering children with autism a strong foundation for continuous growth and development. Our devoted staff is committed to helping each child unlock their distinct potential-covering adaptive, behavioral, cognitive, and social aspects-by employing data-driven, scientifically proven ABA techniques:\t\n\t<h3>\n\t\t\t\tKey Values\n\t\t\t<\/h3>\n\t\t\t\t<img decoding=\"async\" src=\"https:\/\/autismcareplus.com\/wp-content\/uploads\/2025\/03\/cultivation-1.png\" alt=\"cultivation (1)\" title=\"cultivation (1)\" itemprop=\"image\"\/>\n\t\t\t\t<p>Teamwork is\u00a0<strong>Cultivated<\/strong><\/p>\n\t\t\t\t<img decoding=\"async\" src=\"https:\/\/autismcareplus.com\/wp-content\/uploads\/2025\/03\/happiness-1.png\" alt=\"happiness (1)\" title=\"happiness (1)\" itemprop=\"image\"\/>\n\t\t\t\t<p>Curiosity is\u00a0<strong>Celebrated<\/strong><\/p>\n\t\t\t\t<img decoding=\"async\" src=\"https:\/\/autismcareplus.com\/wp-content\/uploads\/2025\/03\/handshake-1.png\" alt=\"handshake (1)\" title=\"handshake (1)\" itemprop=\"image\"\/>\n\t\t\t\t<p>Integrity is\u00a0<strong>Engrained<\/strong><\/p>\n\t\t\t\t<img decoding=\"async\" src=\"https:\/\/autismcareplus.com\/wp-content\/uploads\/2025\/03\/nurture-1.png\" alt=\"nurture (1)\" title=\"nurture (1)\" itemprop=\"image\"\/>\n\t\t\t\t<p>Collaboration is\u00a0<strong>Nurtured<\/strong><\/p>\n\t\t\t\t<img decoding=\"async\" src=\"https:\/\/autismcareplus.com\/wp-content\/uploads\/2025\/03\/data-visualization-1-1.png\" alt=\"data-visualization (1) (1)\" title=\"data-visualization (1) (1)\" itemprop=\"image\"\/>\n\t\t\t\t<p>Sustainability is\u00a0<strong>Visualized<\/strong><\/p>\n<h2>\n\t\tPreguntas frecuentes\n\t<\/h2>\n\t<h3>\n\t\t\t\tCon frecuencia <br \/>preguntas formuladas\n\t\t\t<\/h3>\n\t\t\t<h3>\u00bfC\u00f3mo podemos ayudarle?<\/h3>\t\t\t\n\t\t\t\t<p>We&#8217;ve pulled some of the most frequently asked questions and compiled them into one place. Should you have any other questions that we may have missed, contact us and we will do our best to help you.<\/p>\n\t\t\t<h3>\u00bfQu\u00e9 necesito para empezar?<\/h3>\t\t\t\n\t\t\t\t<p>Si planea utilizar el seguro, es esencial que presente una copia de su tarjeta de seguro. Adem\u00e1s, su hijo debe haber recibido un diagn\u00f3stico de autismo antes de cumplir 10 a\u00f1os. Deber\u00e1 proporcionar lo siguiente:<\/p>\n<ul>\n<li>\n<p>Una copia del informe diagn\u00f3stico emitido por un profesional calificado, como un pediatra, psic\u00f3logo, neur\u00f3logo, etc.<\/p>\n<\/li>\n<li>\n<p>Una receta de una persona calificada, como su pediatra, que indique la necesidad m\u00e9dica de la terapia ABA para su hijo.<\/p>\n<\/li>\n<\/ul>\n\t\t\t<h3>\u00bfQu\u00e9 seguros aceptan?<\/h3>\t\t\t\n\t\t\t\t<p>Estamos trabajando con las principales aseguradoras de Texas y Colorado para entrar en su red. Consulte la secci\u00f3n Seguros para obtener m\u00e1s informaci\u00f3n.\u00a0<\/p>\n\t\t\t<h3>\u00bfPor qu\u00e9 elegirnos?<\/h3>\t\t\t\n\t\t\t\t<p>Autism Care Plus es propiedad de un BCBA, padre de un ni\u00f1o con necesidades especiales, con amplia experiencia cl\u00ednica en entornos dom\u00e9sticos y escolares. Como modesta empresa familiar, creamos un entorno acogedor y compasivo destinado a disminuir los comportamientos indeseables y mejorar las habilidades ling\u00fc\u00edsticas y sociales. Nuestro objetivo es garantizar que el ABA sea una experiencia positiva y eficaz para su hijo, sin aumentar su ansiedad. Adem\u00e1s, tenemos en cuenta las necesidades espec\u00edficas de cada familia y fomentamos una estrecha colaboraci\u00f3n con los cuidadores para maximizar la transferibilidad de las habilidades.\u00a0<\/p>","protected":false},"excerpt":{"rendered":"<p>Our Story At Autism Care Plus, we are dedicated to delivering exceptional ABA therapy, helping children achieve meaningful growth and lasting change. Get to Know Us Autism Care Plus was founded by a dedicated BCBA and a loving mother of a special needs child. With a deep understanding of the challenges faced by children with [&hellip;]<\/p>\n","protected":false},"author":1,"featured_media":0,"parent":0,"menu_order":0,"comment_status":"closed","ping_status":"closed","template":"","meta":{"footnotes":""},"class_list":["post-16828","page","type-page","status-publish","hentry"],"acf":[],"_links":{"self":[{"href":"https:\/\/autismcareplus.com\/es\/wp-json\/wp\/v2\/pages\/16828","targetHints":{"allow":["GET"]}}],"collection":[{"href":"https:\/\/autismcareplus.com\/es\/wp-json\/wp\/v2\/pages"}],"about":[{"href":"https:\/\/autismcareplus.com\/es\/wp-json\/wp\/v2\/types\/page"}],"author":[{"embeddable":true,"href":"https:\/\/autismcareplus.com\/es\/wp-json\/wp\/v2\/users\/1"}],"replies":[{"embeddable":true,"href":"https:\/\/autismcareplus.com\/es\/wp-json\/wp\/v2\/comments?post=16828"}],"version-history":[{"count":2,"href":"https:\/\/autismcareplus.com\/es\/wp-json\/wp\/v2\/pages\/16828\/revisions"}],"predecessor-version":[{"id":17112,"href":"https:\/\/autismcareplus.com\/es\/wp-json\/wp\/v2\/pages\/16828\/revisions\/17112"}],"wp:attachment":[{"href":"https:\/\/autismcareplus.com\/es\/wp-json\/wp\/v2\/media?parent=16828"}],"curies":[{"name":"wp","href":"https:\/\/api.w.org\/{rel}","templated":true}]}}