{"id":16792,"date":"2025-03-11T09:14:25","date_gmt":"2025-03-11T09:14:25","guid":{"rendered":"https:\/\/autismcareplus.com\/?page_id=16792"},"modified":"2026-01-26T23:04:47","modified_gmt":"2026-01-26T23:04:47","slug":"our-services","status":"publish","type":"page","link":"https:\/\/autismcareplus.com\/es\/our-services\/","title":{"rendered":"Nuestros servicios"},"content":{"rendered":"<h3>Services<\/h3>\t\t\t\r\n\t\t\t\t<p>At Autism Care Plus, we provide exceptional ABA therapy services designed to create effective change and support each child&#8217;s unique developmental journey.<\/p>\r\n<h2>\r\n\t\tAyuda profesional cerca de ti\r\n\t<\/h2>\r\n\t<h3>\r\n\t\t\t\tProveedor l\u00edder de servicios ABA avanzados y punteros en el sector.\r\n\t\t\t<\/h3>\r\n\t<a href=\"https:\/\/autismcareplus.com\/es\/aba-therapy\/\" target=\"_self\"  aria-label=\"Go to https:\/\/autismcareplus.com\/aba-therapy\/\"><\/a>\r\n\t\t\t\t<img decoding=\"async\" src=\"https:\/\/autismcareplus.com\/wp-content\/uploads\/2025\/03\/services1-1-scaled.webp\" alt=\"services1 (1)\" title=\"services1 (1)\" itemprop=\"image\"\/>\r\n\t\t<h3>Terapia ABA<\/h3>\t\t\t\r\n\t<a href=\"https:\/\/autismcareplus.com\/es\/parent-training\/\" target=\"_self\"  aria-label=\"Go to https:\/\/autismcareplus.com\/parent-training\/\"><\/a>\r\n\t\t\t\t<img decoding=\"async\" src=\"https:\/\/autismcareplus.com\/wp-content\/uploads\/2025\/03\/services2-1-scaled.webp\" alt=\"services2 (1)\" title=\"services2 (1)\" itemprop=\"image\"\/>\r\n\t\t<h3>Formaci\u00f3n para padres<\/h3>\t\t\t\r\n\t<a href=\"https:\/\/autismcareplus.com\/es\/social-skills-group\/\" target=\"_self\"  aria-label=\"Go to https:\/\/autismcareplus.com\/social-skills-group\/\"><\/a>\r\n\t\t\t\t<img decoding=\"async\" src=\"https:\/\/autismcareplus.com\/wp-content\/uploads\/2025\/03\/services3-1-scaled.webp\" alt=\"services3 (1)\" title=\"services3 (1)\" itemprop=\"image\"\/>\r\n\t\t<h3>Grupo de habilidades sociales<\/h3>\t\t\t\r\n\t<h3>\r\n\t\t\t\tEffective Autism Treatment Plans\r\n\t\t\t<\/h3>\r\n\t\t\t<p>Autism Is Not A Disability, It Is A Different Ability.<\/p>\t\r\n\t\t\t\t<img decoding=\"async\" src=\"https:\/\/autismcareplus.com\/wp-content\/uploads\/2025\/03\/behavioral-1.png\" alt=\"behavioral (1)\" title=\"conductual (1)\" itemprop=\"image\"\/>\r\n\t\t<h3>Early Intervention<\/h3>\t\t\t\r\n\t\t\t\t<img decoding=\"async\" src=\"https:\/\/autismcareplus.com\/wp-content\/uploads\/2025\/03\/course-1.png\" alt=\"course (1)\" title=\"curso (1)\" itemprop=\"image\"\/>\r\n\t\t<h3>Occupational Therapy<\/h3>\t\t\t\r\n\t\t\t\t<img decoding=\"async\" src=\"https:\/\/autismcareplus.com\/wp-content\/uploads\/2025\/03\/analytics-1.png\" alt=\"analytics (1)\" title=\"an\u00e1lisis (1)\" itemprop=\"image\"\/>\r\n\t\t<h3>Behavioral Mediation<\/h3>\t\t\t\r\n\t\t\t\t<img decoding=\"async\" src=\"https:\/\/autismcareplus.com\/wp-content\/uploads\/2025\/03\/course-1.png\" alt=\"course (1)\" title=\"curso (1)\" itemprop=\"image\"\/>\r\n\t\t<h3>Doctor Assessment<\/h3>\t\t\t\r\n\t\t\t\t<img decoding=\"async\" src=\"https:\/\/autismcareplus.com\/wp-content\/uploads\/2025\/03\/business-people-1.png\" alt=\"business-people (1)\" title=\"empresarios (1)\" itemprop=\"image\"\/>\r\n\t\t<h3>Speech Therapy<\/h3>\t\t\t\r\n\t\t\t\t<img decoding=\"async\" src=\"https:\/\/autismcareplus.com\/wp-content\/uploads\/2025\/03\/cognitive-behavior-1.png\" alt=\"cognitive-behavior (1)\" title=\"comportamiento cognitivo (1)\" itemprop=\"image\"\/>\r\n\t\t<h3>Parents Training<\/h3>\t\t\t\r\n\t<h3>\r\n\t\t\t\tGet started with ABA therapy at Autism Care Plus\r\n\t\t\t<\/h3>\r\n\t\t\tFind ABA therapy for children with autism near you.\t\r\n\t\n\n\t<style>\n\t\t.location_box_main {\n\t\t\twidth: 800px;\n\t\t\tbackground-color: #fff;\n\t\t\tpadding: 35px;\n\t\t\tborder-radius: 10px;\n\t\t}\n\n\t\t.location_box_main h3 {\n\t\t\tcolor: #000;\n\t\t\tfont-family: 'Inter';\n\t\t\tfont-size: 20px;\n\t\t\tletter-spacing: 0.3px;\n\t\t\tmargin: 0px;\n\t\t}\n\n\t\t.select_locter_main {\n\t\t\twidth: 77%;\n\t\t\tdisplay: flex;\n\t\t\tgap: 12px;\n\t\t}\n\n\t\t.select_locter {\n\t\t\tposition: relative;\n\t\t\twidth: 50%;\n\t\t}\n\n\t\t.select_locter select {\n\t\t\twidth: 100%;\n\t\t\tfont-size: 16px !important;\n\t\t\tbackground-position: 22px;\n\t\t\tbackground-repeat: no-repeat;\n\t\t\tborder-radius: 10rem;\n\t\t\twidth: 100%;\n\t\t\theight: 57px;\n\t\t\tmargin-bottom: 0;\n\t\t\tbackground-image: url(https:\/\/cdn.prod.website-files.com\/6683732\u2026\/66ba4cf\u2026_abc-input-location-marker.svg);\n\t\t\tpadding: .5rem 1rem .5rem 3.5rem;\n\t\t\tborder: 1px solid #7c828c26;\n\t\t\tbackground-color: #f9fafb;\n\t\t\tcolor: #232a30;\n\t\t\tposition: relative;\n\t\t}\n\n\t\t.select_locter {\n\t\t\tposition: relative;\n\t\t}\n\n\t\t.select_locter:after {\n\t\t\tposition: absolute;\n\t\t\ttop: 7px;\n\t\t\tbottom: 0px;\n\t\t\tfont-size: 28px;\n\t\t\tleft: 25px;\n\t\t\tcontent: \"\\f041\";\n\t\t\tz-index: 11111111111;\n\t\t\tfont-family: Fontawesome;\n\t\t\tcolor: #346ca2;\n\t\t\tmargin: auto;\n\t\t}\n\n\t\t.location_box_main_contant {\n\t\t\tdisplay: flex;\n\t\t\talign-items: center;\n\t\t}\n\n\t\t.fing_btn {\n\t\t\twidth: calc(100% - 77%);\n\t\t}\n\n\t\t.location_box_main_contant {\n\t\t\tmargin-top: 20px;\n\t\t\tgap: 12px;\n\t\t}\n\n\t\t.fing_btn button {\n\t\t\twidth: 100%;\n\t\t\tdisplay: flex;\n\t\t\talign-items: center;\n\t\t\theight: 57px;\n\t\t\tborder: none !important;\n\t\t\tborder-radius: 10rem;\n\t\t\tjustify-content: center;\n\t\t\tbackground: #346CA2;\n\t\t\tcolor: #fff;\n\t\t\tfont-family: 'Inter';\n\t\t\tfont-size: 17px;\n\t\t}\n\n\t\t.location_box_main span {\n\t\t\tdisplay: inline-block;\n\t\t\tmargin-top: 20px;\n\t\t\tfont-size: 16px;\n\t\t\tfont-family: 'Inter';\n\t\t\tcolor: #5e5e5e;\n\t\t}\n\t<\/style>\n\n\t<div class=\"location_box_main\">\n\t\t<h3>Encuentre atenci\u00f3n para el autismo cerca de m\u00ed:<\/h3>\n\t\t<div class=\"location_box_main_contant\">\n\n\t\t\t<div class=\"select_locter_main\">\n\t\t\t\t<div class=\"select_locter\">\n\t\t\t\t\t<!-- <select class=\"form-select\" aria-label=\"Default select example\">\n\t\t\t\t\t<option selected>Select Location<\/option>\n\t\t\t\t\t<option value=\"1\">Colorado - Pueblo<\/option>\n\t\t\t\t\t<option value=\"2\">Colorado - Boulder<\/option>\n\t\t\t\t\t<option value=\"3\">Colorado - Colorado Springs<\/option>\n\t\t\t\t\t<option value=\"3\">Texas  - Katy<\/option>\n\t\t\t\t<\/select> -->\n\n\t\t\t\t\t<select id=\"state-dropdown\">\n\t\t\t\t\t\t<option value=\"\">Seleccionar estado<\/option>\n\t\t\t\t\t\t<option value=\"colorado\">Colorado<\/option><option value=\"nebraska\">Nebraska<\/option><option value=\"nevada\">Nevada<\/option><option value=\"texas\">Texas<\/option>\t\t\t\t\t<\/select>\n\n\t\t\t\t<\/div>\n\t\t\t\t<div class=\"select_locter\">\n\t\t\t\t\t<select id=\"city-dropdown\">\n\t\t\t\t\t\t<option value=\"\">Seleccionar ciudad<\/option>\n\t\t\t\t\t<\/select>\n\n\t\t\t\t<\/div>\n\t\t\t<\/div>\n\n\n\t\t\t<div class=\"fing_btn\">\n\t\t\t\t<button type=\"button\" id=\"find-care\">Encuentre atenci\u00f3n m\u00e9dica<\/button>\n\t\t\t<\/div>\n\t\t<\/div>\n\n\t\t<div class=\"isright_txtaftrfrm\">\n\t\t\t<a href=\"#0\" class=\"aftrlctinbnrs\"><i class=\"fa fa-question-circle-o\" aria-hidden=\"true\"><\/i> \u00bfEs Autism Care Plus adecuado para usted?<\/a>\n\t\t\t<span class=\"hvrshowinf\"> En Autism Care Plus, somos una organizaci\u00f3n propiedad de BCBA fundada por padres de un ni\u00f1o con autismo. Ofrecemos terapia para ni\u00f1os de 2 a 21 a\u00f1os en los entornos que mejor se adapten a su familia, ya sea en casa, en la escuela, en la cl\u00ednica o en la comunidad.<\/span>\n\t\t<\/div>\t\t\t\n\t\t\t\n\t<\/div>","protected":false},"excerpt":{"rendered":"<p>Services At Autism Care Plus, we provide exceptional ABA therapy services designed to create effective change and support each child&#8217;s unique developmental journey. Professional Help Near You A Leading Provider of Advanced Industry Leading ABA Services ABA Therapy Parent Training Social Skills Group Effective Autism Treatment Plans Autism Is Not A Disability, It Is A [&hellip;]<\/p>\n","protected":false},"author":1,"featured_media":0,"parent":0,"menu_order":0,"comment_status":"closed","ping_status":"closed","template":"","meta":{"footnotes":""},"class_list":["post-16792","page","type-page","status-publish","hentry"],"acf":[],"_links":{"self":[{"href":"https:\/\/autismcareplus.com\/es\/wp-json\/wp\/v2\/pages\/16792","targetHints":{"allow":["GET"]}}],"collection":[{"href":"https:\/\/autismcareplus.com\/es\/wp-json\/wp\/v2\/pages"}],"about":[{"href":"https:\/\/autismcareplus.com\/es\/wp-json\/wp\/v2\/types\/page"}],"author":[{"embeddable":true,"href":"https:\/\/autismcareplus.com\/es\/wp-json\/wp\/v2\/users\/1"}],"replies":[{"embeddable":true,"href":"https:\/\/autismcareplus.com\/es\/wp-json\/wp\/v2\/comments?post=16792"}],"version-history":[{"count":3,"href":"https:\/\/autismcareplus.com\/es\/wp-json\/wp\/v2\/pages\/16792\/revisions"}],"predecessor-version":[{"id":17178,"href":"https:\/\/autismcareplus.com\/es\/wp-json\/wp\/v2\/pages\/16792\/revisions\/17178"}],"wp:attachment":[{"href":"https:\/\/autismcareplus.com\/es\/wp-json\/wp\/v2\/media?parent=16792"}],"curies":[{"name":"wp","href":"https:\/\/api.w.org\/{rel}","templated":true}]}}