{"id":16750,"date":"2025-03-03T06:28:29","date_gmt":"2025-03-03T06:28:29","guid":{"rendered":"https:\/\/autismcareplus.com\/?page_id=16750"},"modified":"2025-04-25T07:12:12","modified_gmt":"2025-04-25T07:12:12","slug":"locations","status":"publish","type":"page","link":"https:\/\/autismcareplus.com\/es\/locations\/","title":{"rendered":"Ubicaciones"},"content":{"rendered":"<h3>Ubicaciones<\/h3>\t\t\t\n\t\n\n\t<style>\n\t\t.location_box_main {\n\t\t\twidth: 800px;\n\t\t\tbackground-color: #fff;\n\t\t\tpadding: 35px;\n\t\t\tborder-radius: 10px;\n\t\t}\n\n\t\t.location_box_main h3 {\n\t\t\tcolor: #000;\n\t\t\tfont-family: 'Inter';\n\t\t\tfont-size: 20px;\n\t\t\tletter-spacing: 0.3px;\n\t\t\tmargin: 0px;\n\t\t}\n\n\t\t.select_locter_main {\n\t\t\twidth: 77%;\n\t\t\tdisplay: flex;\n\t\t\tgap: 12px;\n\t\t}\n\n\t\t.select_locter {\n\t\t\tposition: relative;\n\t\t\twidth: 50%;\n\t\t}\n\n\t\t.select_locter select {\n\t\t\twidth: 100%;\n\t\t\tfont-size: 16px !important;\n\t\t\tbackground-position: 22px;\n\t\t\tbackground-repeat: no-repeat;\n\t\t\tborder-radius: 10rem;\n\t\t\twidth: 100%;\n\t\t\theight: 57px;\n\t\t\tmargin-bottom: 0;\n\t\t\tbackground-image: url(https:\/\/cdn.prod.website-files.com\/6683732\u2026\/66ba4cf\u2026_abc-input-location-marker.svg);\n\t\t\tpadding: .5rem 1rem .5rem 3.5rem;\n\t\t\tborder: 1px solid #7c828c26;\n\t\t\tbackground-color: #f9fafb;\n\t\t\tcolor: #232a30;\n\t\t\tposition: relative;\n\t\t}\n\n\t\t.select_locter {\n\t\t\tposition: relative;\n\t\t}\n\n\t\t.select_locter:after {\n\t\t\tposition: absolute;\n\t\t\ttop: 7px;\n\t\t\tbottom: 0px;\n\t\t\tfont-size: 28px;\n\t\t\tleft: 25px;\n\t\t\tcontent: \"\\f041\";\n\t\t\tz-index: 11111111111;\n\t\t\tfont-family: Fontawesome;\n\t\t\tcolor: #346ca2;\n\t\t\tmargin: auto;\n\t\t}\n\n\t\t.location_box_main_contant {\n\t\t\tdisplay: flex;\n\t\t\talign-items: center;\n\t\t}\n\n\t\t.fing_btn {\n\t\t\twidth: calc(100% - 77%);\n\t\t}\n\n\t\t.location_box_main_contant {\n\t\t\tmargin-top: 20px;\n\t\t\tgap: 12px;\n\t\t}\n\n\t\t.fing_btn button {\n\t\t\twidth: 100%;\n\t\t\tdisplay: flex;\n\t\t\talign-items: center;\n\t\t\theight: 57px;\n\t\t\tborder: none !important;\n\t\t\tborder-radius: 10rem;\n\t\t\tjustify-content: center;\n\t\t\tbackground: #346CA2;\n\t\t\tcolor: #fff;\n\t\t\tfont-family: 'Inter';\n\t\t\tfont-size: 17px;\n\t\t}\n\n\t\t.location_box_main span {\n\t\t\tdisplay: inline-block;\n\t\t\tmargin-top: 20px;\n\t\t\tfont-size: 16px;\n\t\t\tfont-family: 'Inter';\n\t\t\tcolor: #5e5e5e;\n\t\t}\n\t<\/style>\n\n\t<div class=\"location_box_main\">\n\t\t<h3>Encuentre atenci\u00f3n para el autismo cerca de m\u00ed:<\/h3>\n\t\t<div class=\"location_box_main_contant\">\n\n\t\t\t<div class=\"select_locter_main\">\n\t\t\t\t<div class=\"select_locter\">\n\t\t\t\t\t<!-- <select class=\"form-select\" aria-label=\"Default select example\">\n\t\t\t\t\t<option selected>Select Location<\/option>\n\t\t\t\t\t<option value=\"1\">Colorado - Pueblo<\/option>\n\t\t\t\t\t<option value=\"2\">Colorado - Boulder<\/option>\n\t\t\t\t\t<option value=\"3\">Colorado - Colorado Springs<\/option>\n\t\t\t\t\t<option value=\"3\">Texas  - Katy<\/option>\n\t\t\t\t<\/select> -->\n\n\t\t\t\t\t<select id=\"state-dropdown\">\n\t\t\t\t\t\t<option value=\"\">Seleccionar estado<\/option>\n\t\t\t\t\t\t<option value=\"colorado\">Colorado<\/option><option value=\"nebraska\">Nebraska<\/option><option value=\"nevada\">Nevada<\/option><option value=\"texas\">Texas<\/option>\t\t\t\t\t<\/select>\n\n\t\t\t\t<\/div>\n\t\t\t\t<div class=\"select_locter\">\n\t\t\t\t\t<select id=\"city-dropdown\">\n\t\t\t\t\t\t<option value=\"\">Seleccionar ciudad<\/option>\n\t\t\t\t\t<\/select>\n\n\t\t\t\t<\/div>\n\t\t\t<\/div>\n\n\n\t\t\t<div class=\"fing_btn\">\n\t\t\t\t<button type=\"button\" id=\"find-care\">Encuentre atenci\u00f3n m\u00e9dica<\/button>\n\t\t\t<\/div>\n\t\t<\/div>\n\n\t\t<div class=\"isright_txtaftrfrm\">\n\t\t\t<a href=\"#0\" class=\"aftrlctinbnrs\"><i class=\"fa fa-question-circle-o\" aria-hidden=\"true\"><\/i> \u00bfEs Autism Care Plus adecuado para usted?<\/a>\n\t\t\t<span class=\"hvrshowinf\"> En Autism Care Plus, somos una organizaci\u00f3n propiedad de BCBA fundada por padres de un ni\u00f1o con autismo. Ofrecemos terapia para ni\u00f1os de 2 a 21 a\u00f1os en los entornos que mejor se adapten a su familia, ya sea en casa, en la escuela, en la cl\u00ednica o en la comunidad.<\/span>\n\t\t<\/div>\t\t\t\n\t\t\t\n\t<\/div>\n\n\n\t\n\t    <style>\n        .cty_list_bx_dsn {\n            box-shadow: 0px 0px 4px 0px rgb(168 168 168 \/ 26%);\n            border: 1px solid #e9e9e9;\n        }\n        .locationpagebanners .location_box_main {\n            width: 100%;\n            background-color: #ffffff47;\n        }\n        .location_box_main h3 {\n            color: #ffffff;\n        }\n        a.aftrlctinbnrs {\n            color: #ffffff;\n        }\n    <\/style>\n        <div class=\"citylist_aba_wrpa\" style=\"background: #fff;\">\n            <div class=\"container_fl\">\n                <h2 class=\"text-center\">Top ABA Therapy Centers<\/h2>\n                <div class=\"tp_abacitylistitems_outer\">\n                    <div class=\"tp_abacitylistitems\">\n                        <div class=\"row\">\n                                                        <div class=\"col-md-4 mb-4\">\n                                <div class=\"cty_list_bx_dsn\">\n                                    <a href=\"https:\/\/autismcareplus.com\/es\/locations\/texas\/cypress\/\">\n                                        <div class=\"citylst_crld_img_withtxt\">\n                                            <div class=\"citycrd_img_sps\">\n                                                <img loading=\"lazy\" decoding=\"async\" width=\"700\" height=\"400\" src=\"https:\/\/autismcareplus.com\/wp-content\/uploads\/2025\/03\/katycitynewuscity-700x400.webp\" class=\"attachment-location_city_thumb size-location_city_thumb wp-post-image\" alt=\"\" \/>                                            <\/div>\n                                            <div class=\"city_card_withbtn_sh\">\n                                                <h3>Cypress ( In Home )<\/h3>\n                                                <ul class=\"info\">\n                                                    <li> \ud83d\udcde Phone: <a\n                                                            href=\"tel:833.666.2919 (Ext-2)\">833.666.2919 (Ext-2)<\/a>\n                                                    <\/li>\n                                                    <li>\ud83d\udccd Address: Cypress, Texas<\/li>\n                                                    <li>\ud83d\udce7 Email: <a\n                                                            href=\"mailto:info@autismcareplus.com\">info@autismcareplus.com<\/a>\n                                                    <\/li>\n                                                    <li>\ud83d\udc76 Ages Served: 2 Years to 15 Years<\/li>\n                                                    <li>\u23f0 Hours: 8 AM to 6 PM - Monday to Friday<\/li>\n                                                <\/ul>\n\n                                                <div class=\"btn_sho_stlcitys\">\n                                                    <a href=\"https:\/\/autismcareplus.com\/es\/locations\/texas\/cypress\/\">View Center<\/a>\n                                                <\/div>\n                                            <\/div>\n\n                                        <\/div>\n                                    <\/a>\n                                <\/div>\n                            <\/div>\n                                                        <div class=\"col-md-4 mb-4\">\n                                <div class=\"cty_list_bx_dsn\">\n                                    <a href=\"https:\/\/autismcareplus.com\/es\/locations\/nevada\/las-vegas-center\/\">\n                                        <div class=\"citylst_crld_img_withtxt\">\n                                            <div class=\"citycrd_img_sps\">\n                                                <img loading=\"lazy\" decoding=\"async\" width=\"700\" height=\"400\" src=\"https:\/\/autismcareplus.com\/wp-content\/uploads\/2025\/05\/nevedacitycenterss-700x400.webp\" class=\"attachment-location_city_thumb size-location_city_thumb wp-post-image\" alt=\"\" \/>                                            <\/div>\n                                            <div class=\"city_card_withbtn_sh\">\n                                                <h3>Las Vegas ( In Home )<\/h3>\n                                                <ul class=\"info\">\n                                                    <li> \ud83d\udcde Phone: <a\n                                                            href=\"tel:833.666.2919 (Ext-6)\">833.666.2919 (Ext-6)<\/a>\n                                                    <\/li>\n                                                    <li>\ud83d\udccd Address: Las Vegas, Nevada<\/li>\n                                                    <li>\ud83d\udce7 Email: <a\n                                                            href=\"mailto:info@autismcareplus.com\">info@autismcareplus.com<\/a>\n                                                    <\/li>\n                                                    <li>\ud83d\udc76 Ages Served: 2 Years to 15 Years<\/li>\n                                                    <li>\u23f0 Hours: 8 AM to 6 PM - Monday to Friday<\/li>\n                                                <\/ul>\n\n                                                <div class=\"btn_sho_stlcitys\">\n                                                    <a href=\"https:\/\/autismcareplus.com\/es\/locations\/nevada\/las-vegas-center\/\">View Center<\/a>\n                                                <\/div>\n                                            <\/div>\n\n                                        <\/div>\n                                    <\/a>\n                                <\/div>\n                            <\/div>\n                                                        <div class=\"col-md-4 mb-4\">\n                                <div class=\"cty_list_bx_dsn\">\n                                    <a href=\"https:\/\/autismcareplus.com\/es\/locations\/nebraska\/lincoln-center\/\">\n                                        <div class=\"citylst_crld_img_withtxt\">\n                                            <div class=\"citycrd_img_sps\">\n                                                <img loading=\"lazy\" decoding=\"async\" width=\"700\" height=\"400\" src=\"https:\/\/autismcareplus.com\/wp-content\/uploads\/2025\/05\/linkonuscity_new-700x400.webp\" class=\"attachment-location_city_thumb size-location_city_thumb wp-post-image\" alt=\"\" \/>                                            <\/div>\n                                            <div class=\"city_card_withbtn_sh\">\n                                                <h3>Lincoln ( In Home )<\/h3>\n                                                <ul class=\"info\">\n                                                    <li> \ud83d\udcde Phone: <a\n                                                            href=\"tel:833.666.2919 (Ext-5)\">833.666.2919 (Ext-5)<\/a>\n                                                    <\/li>\n                                                    <li>\ud83d\udccd Address: Lincoln, Nebraska 68516 US<\/li>\n                                                    <li>\ud83d\udce7 Email: <a\n                                                            href=\"mailto:info@autismcareplus.com\">info@autismcareplus.com<\/a>\n                                                    <\/li>\n                                                    <li>\ud83d\udc76 Ages Served: 2 Years to 15 Years<\/li>\n                                                    <li>\u23f0 Hours: 8 AM to 6 PM - Monday to Friday<\/li>\n                                                <\/ul>\n\n                                                <div class=\"btn_sho_stlcitys\">\n                                                    <a href=\"https:\/\/autismcareplus.com\/es\/locations\/nebraska\/lincoln-center\/\">View Center<\/a>\n                                                <\/div>\n                                            <\/div>\n\n                                        <\/div>\n                                    <\/a>\n                                <\/div>\n                            <\/div>\n                                                        <div class=\"col-md-4 mb-4\">\n                                <div class=\"cty_list_bx_dsn\">\n                                    <a href=\"https:\/\/autismcareplus.com\/es\/locations\/colorado\/pueblo-center\/\">\n                                        <div class=\"citylst_crld_img_withtxt\">\n                                            <div class=\"citycrd_img_sps\">\n                                                <img loading=\"lazy\" decoding=\"async\" width=\"700\" height=\"400\" src=\"https:\/\/autismcareplus.com\/wp-content\/uploads\/2025\/03\/publocityimgas-700x400.webp\" class=\"attachment-location_city_thumb size-location_city_thumb wp-post-image\" alt=\"\" \/>                                            <\/div>\n                                            <div class=\"city_card_withbtn_sh\">\n                                                <h3>Centro de Pueblo<\/h3>\n                                                <ul class=\"info\">\n                                                    <li> \ud83d\udcde Phone: <a\n                                                            href=\"tel:833.666.2919 (Ext-1)\">833.666.2919 (Ext-1)<\/a>\n                                                    <\/li>\n                                                    <li>\ud83d\udccd Address: 924 Indiana Avenue\r\nPueblo, CO\u200b<\/li>\n                                                    <li>\ud83d\udce7 Email: <a\n                                                            href=\"mailto:info@autismcareplus.com\">info@autismcareplus.com<\/a>\n                                                    <\/li>\n                                                    <li>\ud83d\udc76 Ages Served: 2 Years to 15 Years<\/li>\n                                                    <li>\u23f0 Hours: 8 AM to 6 PM - Monday to Friday<\/li>\n                                                <\/ul>\n\n                                                <div class=\"btn_sho_stlcitys\">\n                                                    <a href=\"https:\/\/autismcareplus.com\/es\/locations\/colorado\/pueblo-center\/\">View Center<\/a>\n                                                <\/div>\n                                            <\/div>\n\n                                        <\/div>\n                                    <\/a>\n                                <\/div>\n                            <\/div>\n                                                        <div class=\"col-md-4 mb-4\">\n                                <div class=\"cty_list_bx_dsn\">\n                                    <a href=\"https:\/\/autismcareplus.com\/es\/locations\/colorado\/colorado-springs-center\/\">\n                                        <div class=\"citylst_crld_img_withtxt\">\n                                            <div class=\"citycrd_img_sps\">\n                                                <img loading=\"lazy\" decoding=\"async\" width=\"700\" height=\"400\" src=\"https:\/\/autismcareplus.com\/wp-content\/uploads\/2025\/03\/coloradocityimgthumb-700x400.webp\" class=\"attachment-location_city_thumb size-location_city_thumb wp-post-image\" alt=\"\" \/>                                            <\/div>\n                                            <div class=\"city_card_withbtn_sh\">\n                                                <h3>Centro de Colorado Springs<\/h3>\n                                                <ul class=\"info\">\n                                                    <li> \ud83d\udcde Phone: <a\n                                                            href=\"tel:833.666.2919 (Ext-3)\">833.666.2919 (Ext-3)<\/a>\n                                                    <\/li>\n                                                    <li>\ud83d\udccd Address: 5731 Silverstone Terrace  Unit# 100 &amp; 140 Colorado Springs, CO<\/li>\n                                                    <li>\ud83d\udce7 Email: <a\n                                                            href=\"mailto:info@autismcareplus.com\">info@autismcareplus.com<\/a>\n                                                    <\/li>\n                                                    <li>\ud83d\udc76 Ages Served: 2 Years to 15 Years<\/li>\n                                                    <li>\u23f0 Hours: 8 AM to 6 PM - Monday to Friday<\/li>\n                                                <\/ul>\n\n                                                <div class=\"btn_sho_stlcitys\">\n                                                    <a href=\"https:\/\/autismcareplus.com\/es\/locations\/colorado\/colorado-springs-center\/\">View Center<\/a>\n                                                <\/div>\n                                            <\/div>\n\n                                        <\/div>\n                                    <\/a>\n                                <\/div>\n                            <\/div>\n                                                        <div class=\"col-md-4 mb-4\">\n                                <div class=\"cty_list_bx_dsn\">\n                                    <a href=\"https:\/\/autismcareplus.com\/es\/locations\/colorado\/boulder-center\/\">\n                                        <div class=\"citylst_crld_img_withtxt\">\n                                            <div class=\"citycrd_img_sps\">\n                                                <img loading=\"lazy\" decoding=\"async\" width=\"700\" height=\"400\" src=\"https:\/\/autismcareplus.com\/wp-content\/uploads\/2025\/03\/bouldercityimgnew-700x400.webp\" class=\"attachment-location_city_thumb size-location_city_thumb wp-post-image\" alt=\"\" \/>                                            <\/div>\n                                            <div class=\"city_card_withbtn_sh\">\n                                                <h3>Centro de Boulder<\/h3>\n                                                <ul class=\"info\">\n                                                    <li> \ud83d\udcde Phone: <a\n                                                            href=\"tel:833.666.2919 (Ext 4)\">833.666.2919 (Ext 4)<\/a>\n                                                    <\/li>\n                                                    <li>\ud83d\udccd Address: 2840 Wilderness Place Unit A\/B  Boulder, CO 80301<\/li>\n                                                    <li>\ud83d\udce7 Email: <a\n                                                            href=\"mailto:info@autismcareplus.com\">info@autismcareplus.com<\/a>\n                                                    <\/li>\n                                                    <li>\ud83d\udc76 Ages Served: 2 Years to 15 Years<\/li>\n                                                    <li>\u23f0 Hours: 8 AM to 6 PM - Monday to Friday<\/li>\n                                                <\/ul>\n\n                                                <div class=\"btn_sho_stlcitys\">\n                                                    <a href=\"https:\/\/autismcareplus.com\/es\/locations\/colorado\/boulder-center\/\">View Center<\/a>\n                                                <\/div>\n                                            <\/div>\n\n                                        <\/div>\n                                    <\/a>\n                                <\/div>\n                            <\/div>\n                                                        <div class=\"col-md-4 mb-4\">\n                                <div class=\"cty_list_bx_dsn\">\n                                    <a href=\"https:\/\/autismcareplus.com\/es\/locations\/texas\/katy-center\/\">\n                                        <div class=\"citylst_crld_img_withtxt\">\n                                            <div class=\"citycrd_img_sps\">\n                                                <img loading=\"lazy\" decoding=\"async\" width=\"700\" height=\"400\" src=\"https:\/\/autismcareplus.com\/wp-content\/uploads\/2025\/03\/katycitynewuscity-700x400.webp\" class=\"attachment-location_city_thumb size-location_city_thumb wp-post-image\" alt=\"\" \/>                                            <\/div>\n                                            <div class=\"city_card_withbtn_sh\">\n                                                <h3>Centro Katy<\/h3>\n                                                <ul class=\"info\">\n                                                    <li> \ud83d\udcde Phone: <a\n                                                            href=\"tel:833.666.2919 (Ext-2)\">833.666.2919 (Ext-2)<\/a>\n                                                    <\/li>\n                                                    <li>\ud83d\udccd Address: 21733 Provincial Blvd, Suite 810, Katy, Texas 77450<\/li>\n                                                    <li>\ud83d\udce7 Email: <a\n                                                            href=\"mailto:info@autismcareplus.com\">info@autismcareplus.com<\/a>\n                                                    <\/li>\n                                                    <li>\ud83d\udc76 Ages Served: 2 Years to 15 Years<\/li>\n                                                    <li>\u23f0 Hours: 8 AM to 6 PM - Monday to Friday<\/li>\n                                                <\/ul>\n\n                                                <div class=\"btn_sho_stlcitys\">\n                                                    <a href=\"https:\/\/autismcareplus.com\/es\/locations\/texas\/katy-center\/\">View Center<\/a>\n                                                <\/div>\n                                            <\/div>\n\n                                        <\/div>\n                                    <\/a>\n                                <\/div>\n                            <\/div>\n                                                    <\/div>\n                    <\/div>\n                <\/div>\n            <\/div>\n        <\/div>\n    \n\t\t\t\t<img decoding=\"async\" src=\"https:\/\/autismcareplus.com\/wp-content\/uploads\/2025\/03\/dadawdsdaw.png\" alt=\"dadawdsdaw\" itemprop=\"image\" title=\"dadawdsdaw\" onerror=\"this.style.display='none'\"  \/>\n\t<h3>\n\t\t\t\tAt Autism Care Plus, our dedication lies\n\t\t\t<\/h3>\n\t\t\t<p>At Autism Care Plus, our dedication lies in delivering unparalleled care within a compassionate and welcoming environment. With extensive experience, we have earned recognition as the premier Therapy Center locally and beyond.\u00a0Our centers are dedicated to fostering a progressive and nurturing atmosphere, designed to cater to the individual needs of each child for their holistic growth and success. Each center is meticulously crafted to provide a cozy and inviting ambiance, ensuring a sense of comfort and security for young minds. With access to impactful therapeutic tools and cutting-edge technologies, our spaces ensure that every child receives tailored and effective interventions.<\/p>","protected":false},"excerpt":{"rendered":"<p>Get top ABA Therapy for children with autism Our skilled professionals are dedicated to providing personalized, compassionate care. We focus on understanding each child&#8217;s unique needs, using evidence-based practices to ensure effective therapy and a supportive environment for growth. Patient-Centered Care Our model of patient-centered care emphasizes open communication, collaboration with families and providers, individualized [&hellip;]<\/p>\n","protected":false},"author":1,"featured_media":0,"parent":0,"menu_order":0,"comment_status":"closed","ping_status":"closed","template":"","meta":{"footnotes":""},"class_list":["post-16750","page","type-page","status-publish","hentry"],"acf":[],"_links":{"self":[{"href":"https:\/\/autismcareplus.com\/es\/wp-json\/wp\/v2\/pages\/16750","targetHints":{"allow":["GET"]}}],"collection":[{"href":"https:\/\/autismcareplus.com\/es\/wp-json\/wp\/v2\/pages"}],"about":[{"href":"https:\/\/autismcareplus.com\/es\/wp-json\/wp\/v2\/types\/page"}],"author":[{"embeddable":true,"href":"https:\/\/autismcareplus.com\/es\/wp-json\/wp\/v2\/users\/1"}],"replies":[{"embeddable":true,"href":"https:\/\/autismcareplus.com\/es\/wp-json\/wp\/v2\/comments?post=16750"}],"version-history":[{"count":2,"href":"https:\/\/autismcareplus.com\/es\/wp-json\/wp\/v2\/pages\/16750\/revisions"}],"predecessor-version":[{"id":17090,"href":"https:\/\/autismcareplus.com\/es\/wp-json\/wp\/v2\/pages\/16750\/revisions\/17090"}],"wp:attachment":[{"href":"https:\/\/autismcareplus.com\/es\/wp-json\/wp\/v2\/media?parent=16750"}],"curies":[{"name":"wp","href":"https:\/\/api.w.org\/{rel}","templated":true}]}}