{"id":16681,"date":"2025-03-01T10:39:46","date_gmt":"2025-03-01T10:39:46","guid":{"rendered":"https:\/\/autismcareplus.com\/?page_id=16681"},"modified":"2025-03-01T15:03:34","modified_gmt":"2025-03-01T15:03:34","slug":"home-4","status":"publish","type":"page","link":"https:\/\/autismcareplus.com\/es\/home-4\/","title":{"rendered":"Home-4"},"content":{"rendered":"<h2>COLORADO SPRINGS ABA THERAPY CENTERS<\/h2><h3>Dependable. Experienced. Caring.<\/h3>\t\t\t\n\t\t\t\t<p>Families can depend on Colorado Behavior and Learning Group to deliver exceptional ABA therapy that produces effective change for their children. Get started with your initial appointment today:<\/p>\n\t\t\t<a href=\"\" target=\"_self\"   role=\"button\" aria-label=\"Get Started\">\n\t\t\t\t\t\t\tGet Started\n\t\t<\/a>\n<h2>\n\t\tAyuda profesional cerca de ti\n\t<\/h2>\n\t<h3>\n\t\t\t\tReliable Autism Care <br \/> That You Can Trust\n\t\t\t<\/h3>\n\t\t\t<strong>Nuestras cl\u00ednicas han crecido hasta ofrecer instalaciones para el diagn\u00f3stico y el tratamiento manipulativo del trastorno del espectro autista.<\/strong>\u00a0Autism Care Plus, founded by a BCBA and a special needs child&#8217;s mom, is committed to providing effective Applied Behavior Analysis (ABA) services for children with developmental disabilities and autism spectrum disorders. Our evidence-based, personalized ABA programs focus on enhancing adaptive and social-emotional behaviors, promoting independence, and improving the overall quality of life. Autism Care Plus, founded by a BCBA and a special needs child&#8217;s mom, is committed to providing effective Applied Behavior Analysis.\t\n\t\t\t<h3>Schedule: Monday To Friday 9:00 AM &#8211; 5:00 PM<\/h3>\t\t\t\n\t\t\t\t<img decoding=\"async\" src=\"https:\/\/autismcareplus.com\/wp-content\/uploads\/2025\/03\/kids-playing-1-1.png\" alt=\"kids playing (1) (1)\" itemprop=\"image\" title=\"kids playing (1) (1)\" onerror=\"this.style.display='none'\"  \/>\n<h2>\n\t\tAyuda profesional cerca de ti\n\t<\/h2>\n\t<h3>\n\t\t\t\tA Leading Provider of Advanced Orthotic and Prosthetic Care\n\t\t\t<\/h3>\n\t\t\t\t<img decoding=\"async\" src=\"https:\/\/autismcareplus.com\/wp-content\/uploads\/bb-plugin\/cache\/prosthetic-1-square.png\" alt=\"prosthetic (1)\" title=\"prosthetic (1)\" itemprop=\"image\"\/>\n\t\t<h3>Prosthetics Services<\/h3>\t\t\t\n\t\t\t\t<p>Our prosthetic solutions meet individual aesthetic and functional needs, from high-definition legs for high heels to custom-made sockets and support limbs.<\/p>\n\t\t\t<a href=\"\" target=\"_self\"   role=\"button\" aria-label=\"Leer m\u00e1s\">\n\t\t\t\t\t\t\t\t\t\t\tLeer m\u00e1s\n\t\t<\/a>\n\t\t\t\t<img decoding=\"async\" src=\"https:\/\/autismcareplus.com\/wp-content\/uploads\/bb-plugin\/cache\/orthotics-1-square.png\" alt=\"orthotics (1)\" title=\"orthotics (1)\" itemprop=\"image\"\/>\n\t\t<h3>Orthotics Services<\/h3>\t\t\t\n\t\t\t\t<p>We specialize in creating custom-designed orthotics to alleviate everyday challenges and mobility issues associated with even the most debilitating conditions.<\/p>\n\t\t\t<a href=\"\" target=\"_self\"   role=\"button\" aria-label=\"Leer m\u00e1s\">\n\t\t\t\t\t\t\t\t\t\t\tLeer m\u00e1s\n\t\t<\/a>\n\t\t\t\t<img decoding=\"async\" src=\"https:\/\/autismcareplus.com\/wp-content\/uploads\/bb-plugin\/cache\/pediatric-2-square.png\" alt=\"pediatric (2)\" title=\"pediatric (2)\" itemprop=\"image\"\/>\n\t\t<h3>Pediatrics Services<\/h3>\t\t\t\n\t\t\t\t<p>We are here every step of the way to explain our process and help you understand the long-term care plan while involving you in decision-making for your child.<\/p>\n\t\t\t<a href=\"\" target=\"_self\"   role=\"button\" aria-label=\"Leer m\u00e1s\">\n\t\t\t\t\t\t\t\t\t\t\tLeer m\u00e1s\n\t\t<\/a>\n\t\t\t<a href=\"\" target=\"_self\">\n\t\t\t\t\t\t\tExplore todos los servicios\n\t\t\t<\/a>\n<h2>\n\t\tNuestro enfoque\n\t<\/h2>\n\t<h3>\n\t\t\t\tSolo lo mejor\n\t\t\t<\/h3>\n\t\t\t<p>Our mission is to cultivate trust, build rapport, and foster a love for learning, offering children with autism a strong foundation for continuous growth and development. Our devoted staff is committed to helping each child unlock their distinct potential &#8211; covering adaptive, behavioral, cognitive, and social aspects &#8211; by employing data-driven, scientifically proven ABA techniques.<\/p>\t\n\t\t\t\t<img loading=\"lazy\" decoding=\"async\" src=\"https:\/\/autismcareplus.com\/wp-content\/uploads\/2025\/02\/ui-1.png\" alt=\"ui (1)\" itemprop=\"image\" height=\"1571\" width=\"769\" title=\"ui (1)\" onerror=\"this.style.display='none'\"  \/>\n\t\t\t\t<img decoding=\"async\" src=\"https:\/\/autismcareplus.com\/wp-content\/uploads\/2025\/03\/behavioral-1.png\" alt=\"behavioral (1)\" title=\"conductual (1)\" itemprop=\"image\"\/>\n\t\t<h3>An\u00e1lisis conductual aplicado<\/h3>\t\t\t\n\t\t\t\t<img decoding=\"async\" src=\"https:\/\/autismcareplus.com\/wp-content\/uploads\/2025\/03\/course-1.png\" alt=\"course (1)\" title=\"curso (1)\" itemprop=\"image\"\/>\n\t\t<h3>Entrenamiento por ensayos discretos<\/h3>\t\t\t\n\t\t\t\t<img decoding=\"async\" src=\"https:\/\/autismcareplus.com\/wp-content\/uploads\/2025\/03\/analytics-1.png\" alt=\"analytics (1)\" title=\"an\u00e1lisis (1)\" itemprop=\"image\"\/>\n\t\t<h3>Comportamiento verbal<\/h3>\t\t\t\n\t\t\t\t<img decoding=\"async\" src=\"https:\/\/autismcareplus.com\/wp-content\/uploads\/2025\/03\/course-1.png\" alt=\"course (1)\" title=\"curso (1)\" itemprop=\"image\"\/>\n\t\t<h3>Ense\u00f1anza incidental<\/h3>\t\t\t\n\t\t\t\t<img decoding=\"async\" src=\"https:\/\/autismcareplus.com\/wp-content\/uploads\/2025\/03\/24-hours-service-1-1.png\" alt=\"24-hours-service (1) (1)\" title=\"Servicio las 24 horas (1) (1)\" itemprop=\"image\"\/>\n\t\t<h3>Apoyo al comportamiento positivo<\/h3>\t\t\t\n\t\t\t\t<img decoding=\"async\" src=\"https:\/\/autismcareplus.com\/wp-content\/uploads\/2025\/03\/business-people-1.png\" alt=\"business-people (1)\" title=\"empresarios (1)\" itemprop=\"image\"\/>\n\t\t<h3>Comunicaci\u00f3n aumentativa y alternativa<\/h3>\t\t\t\n\t\t\t\t<img decoding=\"async\" src=\"https:\/\/autismcareplus.com\/wp-content\/uploads\/2025\/03\/cognitive-behavior-1.png\" alt=\"cognitive-behavior (1)\" title=\"comportamiento cognitivo (1)\" itemprop=\"image\"\/>\n\t\t<h3>Evaluaci\u00f3n continua del programa<\/h3>\t\t\t\n\t<a href=\"#\" target=\"_self\"  aria-label=\"Go to #\"><\/a>\n\t\t\t\t<img decoding=\"async\" src=\"https:\/\/autismcareplus.com\/wp-content\/uploads\/2025\/03\/diagonal-arrow-1-1.png\" alt=\"diagonal-arrow (1) (1)\" title=\"diagonal-arrow (1) (1)\" itemprop=\"image\"\/>\n\t\t<h3>View More<\/h3>\t\t\t\n\t\t\t\t<img loading=\"lazy\" decoding=\"async\" src=\"https:\/\/autismcareplus.com\/wp-content\/uploads\/2025\/02\/ui-2-1.png\" alt=\"ui 2 (1)\" itemprop=\"image\" height=\"1554\" width=\"769\" title=\"ui 2 (1)\" onerror=\"this.style.display='none'\"  \/>\n<h2>\n\t\tOur Clinic&#8217;s Leading Autism Support Partner, Nationwide Team of Care Experts\n\t<\/h2>\n\t\t\t<a href=\"\" target=\"_self\">\n\t\t\t\t\t\t\tFIND A SPECIALIST\n\t\t\t\t\t<\/a>\n\t\t\t<a href=\"\" target=\"_self\">\n\t\t\t\t\t\t\tCONT\u00c1CTENOS AHORA\n\t\t\t<\/a>\n<h2>\n\t\tPreguntas frecuentes\n\t<\/h2>\n\t<h3>\n\t\t\t\tCon frecuencia <br \/>preguntas formuladas\n\t\t\t<\/h3>\n\t\t\t<a href=\"\" target=\"_self\">\n\t\t\t\t\t\t\tView All FAQs\n\t\t\t<\/a>\n\t\t\t<h3>How do I get started with Action Behavior Centers?<\/h3>\t\t\t\n\t\t\t\t<p>Fill out this simple form, and we will call you to discuss your family&#8217;s needs. Next, we&#8217;ll schedule you and your child for a visit to our center. We can also schedule an\u00a0ADOS-2\u00a0or other\u00a0Comprehensive Diagnostic Evaluation (CDE), if necessary. After completing intake paperwork, you and your child will meet their Board Certified Behavior Analyst (BCBA) to set therapy goals.<\/p>\n\t\t\t<h3>What is the CAST?<\/h3>\t\t\t\n\t\t\t\t<p>The Childhood Autism Spectrum Test (CAST) is a 39-item questionnaire for parents that focuses on behaviors and abilities that can indicate ASD. It can help identify children who may benefit from further evaluation and intervention.<\/p>\n\t\t\t<h3>What is applied behavior analysis (ABA) therapy?<\/h3>\t\t\t\n\t\t\t\t<p>ABA therapy is a gold standard approach for helping children with autism learn and meet milestones. This evidence-based therapy method helps children reduce target behaviors through play, positive reinforcement, and other ABA techniques.\u00a0<\/p>\n\t\t\t<h3>Does insurance cover ABA therapy?<\/h3>\t\t\t\n\t\t\t\t<p>Most health insurance plans cover ABA therapy, and we are proud to be in-network with the largest health insurers in our service areas. At ABC, our insurance specialists handle the details, so you don&#8217;t have to. We verify your child&#8217;s ABA therapy coverage, complete any necessary pre-authorization paperwork, and directly bill the insurance company for services.<\/p>\n<h2>\n\t\t\u00a1La mejor atenci\u00f3n posible!\n\t<\/h2>\n\t<h3>\n\t\t\t\tDifferent Types Of <br \/>Departments\n\t\t\t<\/h3>\n\t<p>El ABA es eficaz para mejorar los comportamientos verbales positivos, como la escucha activa, seguir instrucciones y los saludos sociales. Sus principios y t\u00e9cnicas tambi\u00e9n se pueden aplicar para ense\u00f1ar nuevas habilidades, como usar cubiertos, responder preguntas o administrar las finanzas.<\/p>\n\t\t\t<a href=\"\" target=\"_self\">\n\t\t\t\t\t\t\tVer todo el departamento\n\t\t\t<\/a>\n\t\t\t\t<img decoding=\"async\" src=\"https:\/\/autismcareplus.com\/wp-content\/uploads\/2025\/03\/children-1.png\" alt=\"children (1)\" itemprop=\"image\" title=\"ni\u00f1os (1)\" onerror=\"this.style.display='none'\"  \/>\n\t\t233+\n\t\t\t\t\tChild\n\t\t\t\t<img decoding=\"async\" src=\"https:\/\/autismcareplus.com\/wp-content\/uploads\/2025\/03\/target-1.png\" alt=\"target (1)\" itemprop=\"image\" title=\"objetivo (1)\" onerror=\"this.style.display='none'\"  \/>\n\t\t2,005+\n\t\t\t\t\tTherapy\n\t\t\t\t<img decoding=\"async\" src=\"https:\/\/autismcareplus.com\/wp-content\/uploads\/2025\/03\/badge-1.png\" alt=\"badge (1)\" itemprop=\"image\" title=\"insignia (1)\" onerror=\"this.style.display='none'\"  \/>\n\t\t376+\n\t\t\t\t\tExperts \n\t\t\t\t<img decoding=\"async\" src=\"https:\/\/autismcareplus.com\/wp-content\/uploads\/2025\/03\/student-1.png\" alt=\"student (1)\" itemprop=\"image\" title=\"estudiante (1)\" onerror=\"this.style.display='none'\"  \/>\n\t\t4,456+\n\t\t\t\t\tCenters \n\t\t\t\t<img decoding=\"async\" src=\"https:\/\/autismcareplus.com\/wp-content\/uploads\/2025\/02\/biological-scientist-looking-samples-by-using-microscope-doing-research-new-vaccine-pharm_926199-4253696-1.webp\" alt=\"biological-scientist-looking-samples-by-using-microscope-doing-research-new-vaccine-pharm_926199-4253696 1\" itemprop=\"image\" title=\"biological-scientist-looking-samples-by-using-microscope-doing-research-new-vaccine-pharm_926199-4253696 1\" onerror=\"this.style.display='none'\"  \/>\n<h2>\n\t\tTestimonials\n\t<\/h2>\n\t<h3>\n\t\t\t\tTrusted by<br \/>10k Customer\n\t\t\t<\/h3>\n\t<style type='text\/css' media='all'>#tss-container-3503790384.tss-wrapper .tss-carousel1,\r\n\t\t\t\t\t\t\t#tss-container-3503790384.tss-wrapper .tss-isotope1 .profile-img-wrapper:after,\r\n\t\t\t\t\t\t\t#tss-container-3503790384.tss-wrapper .tss-layout9 .profile-img-wrapper:after,\r\n\t\t\t\t\t\t\t#tss-container-3503790384.tss-wrapper .tss-isotope4 .profile-img-wrapper:after,\r\n\t\t\t\t\t\t\t#tss-container-3503790384.tss-wrapper .tss-carousel9 .profile-img-wrapper:after {\r\n\t\t\t\t\t\t\t\tbackground: #d6d6d6 !important;\r\n\t\t\t\t\t\t\t}#tss-container-3503790384.tss-wrapper .tss-layout10 .item-content-wrapper,\r\n\t\t\t\t\t#tss-container-3503790384.tss-wrapper .tss-isotope3 .item-content-wrapper,\r\n\t\t\t\t\t#tss-container-3503790384.tss-wrapper .tss-isotope5 .item-content-wrapper,\r\n\t\t\t\t\t#tss-container-3503790384.tss-wrapper .tss-carousel10 .item-content-wrapper{background: transparent;}#tss-container-3503790384.tss-wrapper .tss-utility button,\r\n\t\t\t\t\t\t#tss-container-3503790384.tss-wrapper .tss-carousel-main .swiper-arrow,\r\n\t\t\t\t\t\t#tss-container-3503790384.tss-wrapper .tss-carousel-main .swiper-pagination-bullet,\r\n\t\t\t\t\t\t#tss-container-3503790384.tss-wrapper .tss-carousel .swiper-arrow,\r\n\t\t\t\t\t\t#tss-container-3503790384.tss-wrapper .tss-carousel .swiper-pagination-bullet,\r\n\t\t\t\t\t\t#tss-container-3503790384.tss-wrapper .tss-utility .rt-button,\r\n\t\t\t\t\t\t#tss-container-3503790384.tss-wrapper .tss-pagination ul.pagination-list li a,\r\n\t\t\t\t\t\t#tss-container-3503790384.tss-wrapper .tss-isotope-button-wrapper .rt-iso-button{background-color: #346ca2;}#tss-container-3503790384.tss-wrapper .single-item-wrapper h3.author-name,\r\n\t\t\t\t\t\t#tss-container-3503790384.tss-wrapper .single-item-wrapper h3.author-name a{color:#222222;text-align:left;font-weight:bold;font-size:20px;}#tss-container-3503790384.tss-wrapper .single-item-wrapper h4.author-bio{color:#c1a22b;text-align:left;}#tss-container-3503790384.tss-wrapper .single-item-wrapper .rating-wrapper span.dashicons{color:#ffc046;font-size:16px;}#tss-container-3503790384.tss-wrapper .single-item-wrapper .rating-wrapper {text-align:left;}<\/style><div class='rt-container-fluid tss-wrapper' id='tss-container-3503790384'  data-layout='carousel3' data-desktop-col='2'  data-tab-col='2'  data-mobile-col='1'><div data-title='Loading ...' class='rt-row tss-carousel3 tss-even tss-pre-loader'><div class=\"carousel-wrapper\"><div  class='tss-carousel swiper'\r\n\t\t\t\t\t\t\t\t\t\tdata-loop='true'\r\n\t\t\t\t\t\t\t\t\t\tdata-items-desktop='2'\r\n\t\t\t\t\t\t\t\t\t\tdata-items-tab='2'\r\n\t\t\t\t\t\t\t\t\t\tdata-items-mobile='1'\r\n\t\t\t\t\t\t\t\t\t\tdata-autoplay='true'\r\n\t\t\t\t\t\t\t\t\t\tdata-autoplay-timeout='5000'\r\n\t\t\t\t\t\t\t\t\t\tdata-autoplay-hover-pause='true'\r\n\t\t\t\t\t\t\t\t\t\tdata-dots='true'\r\n\t\t\t\t\t\t\t\t\t\tdata-nav='true'\r\n\t\t\t\t\t\t\t\t\t\tdata-lazy-load='true'\r\n\t\t\t\t\t\t\t\t\t\tdata-auto-height='true'\r\n\t\t\t\t\t\t\t\t\t\tdata-smart-speed='2000'\r\n\t\t\t\t\t\t\t\t\t\t><div class=\"swiper-wrapper\"><div class='rt-col-md-12 rt-col-sm-12 rt-col-xs-12 even-grid-item tss-grid-item slide-item swiper-slide even-grid-item default-margin tss-img-circle'><div class=\"single-item-wrapper\"><div class=\"tss-meta-info\"><\/div><div class=\"rating-wrapper\"><span data-star='1' class='star-1 dashicons dashicons-star-filled' aria-hidden='true'><\/span><span data-star='2' class='star-2 dashicons dashicons-star-filled' aria-hidden='true'><\/span><span data-star='3' class='star-3 dashicons dashicons-star-filled' aria-hidden='true'><\/span><span data-star='4' class='star-4 dashicons dashicons-star-filled' aria-hidden='true'><\/span><span data-star='5' class='star-5 dashicons dashicons-star-filled' aria-hidden='true'><\/span><\/div><h3 class='author-name'>O. Ivar Lovaas<\/h3><div class=\"item-content-wrapper\"><div class='item-content'>If they can&#8217;t learn the way we teach, we teach the way they learn<\/div><\/div><\/div><\/div><div class='rt-col-md-12 rt-col-sm-12 rt-col-xs-12 even-grid-item tss-grid-item slide-item swiper-slide even-grid-item default-margin tss-img-circle'><div class=\"single-item-wrapper\"><div class=\"tss-meta-info\"><\/div><div class=\"rating-wrapper\"><span data-star='1' class='star-1 dashicons dashicons-star-filled' aria-hidden='true'><\/span><span data-star='2' class='star-2 dashicons dashicons-star-filled' aria-hidden='true'><\/span><span data-star='3' class='star-3 dashicons dashicons-star-filled' aria-hidden='true'><\/span><span data-star='4' class='star-4 dashicons dashicons-star-filled' aria-hidden='true'><\/span><span data-star='5' class='star-5 dashicons dashicons-star-filled' aria-hidden='true'><\/span><\/div><h3 class='author-name'>B F Skinner<\/h3><div class=\"item-content-wrapper\"><div class='item-content'><p>A failure is not always a mistake, it may simply be the best one can do under the circumstances. The real mistake is to stop trying.<\/p>\n<\/div><\/div><\/div><\/div><div class='rt-col-md-12 rt-col-sm-12 rt-col-xs-12 even-grid-item tss-grid-item slide-item swiper-slide even-grid-item default-margin tss-img-circle'><div class=\"single-item-wrapper\"><div class=\"tss-meta-info\"><\/div><div class=\"rating-wrapper\"><span data-star='1' class='star-1 dashicons dashicons-star-filled' aria-hidden='true'><\/span><span data-star='2' class='star-2 dashicons dashicons-star-filled' aria-hidden='true'><\/span><span data-star='3' class='star-3 dashicons dashicons-star-filled' aria-hidden='true'><\/span><span data-star='4' class='star-4 dashicons dashicons-star-filled' aria-hidden='true'><\/span><span data-star='5' class='star-5 dashicons dashicons-star-filled' aria-hidden='true'><\/span><\/div><h3 class='author-name'>Henri Bergson<\/h3><div class=\"item-content-wrapper\"><div class='item-content'><p>To exist is to change, to change is to mature, to mature is to go on creating oneself endlessly<\/p>\n<\/div><\/div><\/div><\/div><\/div><div class=\"swiper-arrow swiper-button-next\"><i class=\"rttss-right-open\"><\/i><\/div><div class=\"swiper-arrow swiper-button-prev\"><i class=\"rttss-left-open\"><\/i><\/div><div class=\"swiper-pagination\"><\/div><\/div><\/div><div class=\"rt-loading-overlay\"><\/div><div class=\"rt-loading rt-ball-clip-rotate\"><div><\/div><\/div><\/div><\/div>\n<h2>\n\t\tNuestros blogs\n\t<\/h2>\n\t<h3>\n\t\t\t\tNoticias y art\u00edculos\n\t\t\t<\/h3>\n\t\t\t\t\t\t\t\t\t\t\t\t\t\t<a href=\"https:\/\/autismcareplus.com\/es\/can-sparkling-water-damage-your-teeth-like-soda-does\/\" target=\"_self\" title=\"Can Sparkling Water Damage your Teeth like Soda Does?\">\n\t\t\t\t<img decoding=\"async\" src=\"https:\/\/autismcareplus.com\/wp-content\/uploads\/2024\/08\/gallery-5.jpg\" alt=\"\" \/>\n\t\t\t\t<\/a>\n\t\t\t\t\t\t\t<h5>\n\t\t\t\t\t\t\tBy\t\t\t <a href=\"https:\/\/autismcareplus.com\/es\/author\/dave\/\">\n\t\t\t\t\tDave\t\t\t\t<\/a>\n\t\t\t | \t\t\t\n\t\t\tJanuary 10, 2024\t\t\t\n\t\t\t\t\t\t\t<\/h5>\n\t\t\t\t\t\t\t<h3>\n\t\t\t\t<a href=\"https:\/\/autismcareplus.com\/es\/can-sparkling-water-damage-your-teeth-like-soda-does\/\" title=\"Can Sparkling Water Damage your Teeth like Soda Does?\" tabindex=\"0\">Can Sparkling Water Damage your Teeth like Soda Does?<\/a>\t\t\t<\/h3>\n\t\t\t\t\t\t\t\tWhile sparkling water is often considered a healthier alternative to soda &#8230;\n\t\t\t<a href=\"https:\/\/autismcareplus.com\/es\/can-sparkling-water-damage-your-teeth-like-soda-does\/\" target=\"_self\"   role=\"button\" aria-label=\"Leer m\u00e1s\">\n\t\t\t\t\t\t\tLeer m\u00e1s\n\t\t<\/a>\n\t\t\t\t\t\t\t\t\t\t\t\t\t\t<a href=\"https:\/\/autismcareplus.com\/es\/diabetes-and-oral-health-the-not-so-sweet-connection\/\" target=\"_self\" title=\"Diabetes and Oral Health - The Not-so-sweet Connection\">\n\t\t\t\t<img decoding=\"async\" src=\"https:\/\/autismcareplus.com\/wp-content\/uploads\/2024\/08\/gallery-6.jpg\" alt=\"\" \/>\n\t\t\t\t<\/a>\n\t\t\t\t\t\t\t<h5>\n\t\t\t\t\t\t\tBy\t\t\t <a href=\"https:\/\/autismcareplus.com\/es\/author\/dave\/\">\n\t\t\t\t\tDave\t\t\t\t<\/a>\n\t\t\t | \t\t\t\n\t\t\tJanuary 10, 2024\t\t\t\n\t\t\t\t\t\t\t<\/h5>\n\t\t\t\t\t\t\t<h3>\n\t\t\t\t<a href=\"https:\/\/autismcareplus.com\/es\/diabetes-and-oral-health-the-not-so-sweet-connection\/\" title=\"Diabetes and Oral Health - The Not-so-sweet Connection\" tabindex=\"0\">Diabetes and Oral Health &#8211; The Not-so-sweet Connection<\/a>\t\t\t<\/h3>\n\t\t\t\t\t\t\t\tDiabetes and oral health share a complex relationship, as the chronic &#8230;\n\t\t\t<a href=\"https:\/\/autismcareplus.com\/es\/diabetes-and-oral-health-the-not-so-sweet-connection\/\" target=\"_self\"   role=\"button\" aria-label=\"Leer m\u00e1s\">\n\t\t\t\t\t\t\tLeer m\u00e1s\n\t\t<\/a>\n\t\t\t\t\t\t\t\t\t\t\t\t\t\t<a href=\"https:\/\/autismcareplus.com\/es\/for-oral-health-does-vaping-smoke-the-competition\/\" target=\"_self\" title=\"For Oral Health, Does Vaping Smoke the Competition?\">\n\t\t\t\t<img decoding=\"async\" src=\"https:\/\/autismcareplus.com\/wp-content\/uploads\/2024\/08\/gallery-3.jpg\" alt=\"\" \/>\n\t\t\t\t<\/a>\n\t\t\t\t\t\t\t<h5>\n\t\t\t\t\t\t\tBy\t\t\t <a href=\"https:\/\/autismcareplus.com\/es\/author\/dave\/\">\n\t\t\t\t\tDave\t\t\t\t<\/a>\n\t\t\t | \t\t\t\n\t\t\tJanuary 10, 2024\t\t\t\n\t\t\t\t\t\t\t<\/h5>\n\t\t\t\t\t\t\t<h3>\n\t\t\t\t<a href=\"https:\/\/autismcareplus.com\/es\/for-oral-health-does-vaping-smoke-the-competition\/\" title=\"For Oral Health, Does Vaping Smoke the Competition?\" tabindex=\"0\">For Oral Health, Does Vaping Smoke the Competition?<\/a>\t\t\t<\/h3>\n\t\t\t\t\t\t\t\tWhile vaping is often considered a less harmful alternative to smoking &#8230;\n\t\t\t<a href=\"https:\/\/autismcareplus.com\/es\/for-oral-health-does-vaping-smoke-the-competition\/\" target=\"_self\"   role=\"button\" aria-label=\"Leer m\u00e1s\">\n\t\t\t\t\t\t\tLeer m\u00e1s\n\t\t<\/a>","protected":false},"excerpt":{"rendered":"<p>To exist is to change, to change is to mature, to mature is to go on creating oneself endlessly<\/p>","protected":false},"author":1,"featured_media":0,"parent":0,"menu_order":0,"comment_status":"closed","ping_status":"closed","template":"","meta":{"footnotes":""},"class_list":["post-16681","page","type-page","status-publish","hentry"],"acf":[],"_links":{"self":[{"href":"https:\/\/autismcareplus.com\/es\/wp-json\/wp\/v2\/pages\/16681","targetHints":{"allow":["GET"]}}],"collection":[{"href":"https:\/\/autismcareplus.com\/es\/wp-json\/wp\/v2\/pages"}],"about":[{"href":"https:\/\/autismcareplus.com\/es\/wp-json\/wp\/v2\/types\/page"}],"author":[{"embeddable":true,"href":"https:\/\/autismcareplus.com\/es\/wp-json\/wp\/v2\/users\/1"}],"replies":[{"embeddable":true,"href":"https:\/\/autismcareplus.com\/es\/wp-json\/wp\/v2\/comments?post=16681"}],"version-history":[{"count":2,"href":"https:\/\/autismcareplus.com\/es\/wp-json\/wp\/v2\/pages\/16681\/revisions"}],"predecessor-version":[{"id":16720,"href":"https:\/\/autismcareplus.com\/es\/wp-json\/wp\/v2\/pages\/16681\/revisions\/16720"}],"wp:attachment":[{"href":"https:\/\/autismcareplus.com\/es\/wp-json\/wp\/v2\/media?parent=16681"}],"curies":[{"name":"wp","href":"https:\/\/api.w.org\/{rel}","templated":true}]}}