{"id":16603,"date":"2025-03-01T05:37:36","date_gmt":"2025-03-01T05:37:36","guid":{"rendered":"https:\/\/autismcareplus.com\/?page_id=16603"},"modified":"2025-03-01T06:11:28","modified_gmt":"2025-03-01T06:11:28","slug":"home-2","status":"publish","type":"page","link":"https:\/\/autismcareplus.com\/es\/home-2\/","title":{"rendered":"Home 2"},"content":{"rendered":"<h2><!--\n\t-->ABA PERSONALIZADO<br \/> TERAPIA EN<!--\t--><!--\n\t-->\n\t<\/h2>\n\t\n\n\t<style>\n\t\t.location_box_main {\n\t\t\twidth: 800px;\n\t\t\tbackground-color: #fff;\n\t\t\tpadding: 35px;\n\t\t\tborder-radius: 10px;\n\t\t}\n\n\t\t.location_box_main h3 {\n\t\t\tcolor: #000;\n\t\t\tfont-family: 'Inter';\n\t\t\tfont-size: 20px;\n\t\t\tletter-spacing: 0.3px;\n\t\t\tmargin: 0px;\n\t\t}\n\n\t\t.select_locter_main {\n\t\t\twidth: 77%;\n\t\t\tdisplay: flex;\n\t\t\tgap: 12px;\n\t\t}\n\n\t\t.select_locter {\n\t\t\tposition: relative;\n\t\t\twidth: 50%;\n\t\t}\n\n\t\t.select_locter select {\n\t\t\twidth: 100%;\n\t\t\tfont-size: 16px !important;\n\t\t\tbackground-position: 22px;\n\t\t\tbackground-repeat: no-repeat;\n\t\t\tborder-radius: 10rem;\n\t\t\twidth: 100%;\n\t\t\theight: 57px;\n\t\t\tmargin-bottom: 0;\n\t\t\tbackground-image: url(https:\/\/cdn.prod.website-files.com\/6683732\u2026\/66ba4cf\u2026_abc-input-location-marker.svg);\n\t\t\tpadding: .5rem 1rem .5rem 3.5rem;\n\t\t\tborder: 1px solid #7c828c26;\n\t\t\tbackground-color: #f9fafb;\n\t\t\tcolor: #232a30;\n\t\t\tposition: relative;\n\t\t}\n\n\t\t.select_locter {\n\t\t\tposition: relative;\n\t\t}\n\n\t\t.select_locter:after {\n\t\t\tposition: absolute;\n\t\t\ttop: 7px;\n\t\t\tbottom: 0px;\n\t\t\tfont-size: 28px;\n\t\t\tleft: 25px;\n\t\t\tcontent: \"\\f041\";\n\t\t\tz-index: 11111111111;\n\t\t\tfont-family: Fontawesome;\n\t\t\tcolor: #346ca2;\n\t\t\tmargin: auto;\n\t\t}\n\n\t\t.location_box_main_contant {\n\t\t\tdisplay: flex;\n\t\t\talign-items: center;\n\t\t}\n\n\t\t.fing_btn {\n\t\t\twidth: calc(100% - 77%);\n\t\t}\n\n\t\t.location_box_main_contant {\n\t\t\tmargin-top: 20px;\n\t\t\tgap: 12px;\n\t\t}\n\n\t\t.fing_btn button {\n\t\t\twidth: 100%;\n\t\t\tdisplay: flex;\n\t\t\talign-items: center;\n\t\t\theight: 57px;\n\t\t\tborder: none !important;\n\t\t\tborder-radius: 10rem;\n\t\t\tjustify-content: center;\n\t\t\tbackground: #346CA2;\n\t\t\tcolor: #fff;\n\t\t\tfont-family: 'Inter';\n\t\t\tfont-size: 17px;\n\t\t}\n\n\t\t.location_box_main span {\n\t\t\tdisplay: inline-block;\n\t\t\tmargin-top: 20px;\n\t\t\tfont-size: 16px;\n\t\t\tfont-family: 'Inter';\n\t\t\tcolor: #5e5e5e;\n\t\t}\n\t<\/style>\n\n\t<div class=\"location_box_main\">\n\t\t<h3>Encuentre atenci\u00f3n para el autismo cerca de m\u00ed:<\/h3>\n\t\t<div class=\"location_box_main_contant\">\n\n\t\t\t<div class=\"select_locter_main\">\n\t\t\t\t<div class=\"select_locter\">\n\t\t\t\t\t<!-- <select class=\"form-select\" aria-label=\"Default select example\">\n\t\t\t\t\t<option selected>Select Location<\/option>\n\t\t\t\t\t<option value=\"1\">Colorado - Pueblo<\/option>\n\t\t\t\t\t<option value=\"2\">Colorado - Boulder<\/option>\n\t\t\t\t\t<option value=\"3\">Colorado - Colorado Springs<\/option>\n\t\t\t\t\t<option value=\"3\">Texas  - Katy<\/option>\n\t\t\t\t<\/select> -->\n\n\t\t\t\t\t<select id=\"state-dropdown\">\n\t\t\t\t\t\t<option value=\"\">Seleccionar estado<\/option>\n\t\t\t\t\t\t<option value=\"colorado\">Colorado<\/option><option value=\"nebraska\">Nebraska<\/option><option value=\"nevada\">Nevada<\/option><option value=\"texas\">Texas<\/option>\t\t\t\t\t<\/select>\n\n\t\t\t\t<\/div>\n\t\t\t\t<div class=\"select_locter\">\n\t\t\t\t\t<select id=\"city-dropdown\">\n\t\t\t\t\t\t<option value=\"\">Seleccionar ciudad<\/option>\n\t\t\t\t\t<\/select>\n\n\t\t\t\t<\/div>\n\t\t\t<\/div>\n\n\n\t\t\t<div class=\"fing_btn\">\n\t\t\t\t<button type=\"button\" id=\"find-care\">Encuentre atenci\u00f3n m\u00e9dica<\/button>\n\t\t\t<\/div>\n\t\t<\/div>\n\n\t\t<div class=\"isright_txtaftrfrm\">\n\t\t\t<a href=\"#0\" class=\"aftrlctinbnrs\"><i class=\"fa fa-question-circle-o\" aria-hidden=\"true\"><\/i> \u00bfEs Autism Care Plus adecuado para usted?<\/a>\n\t\t\t<span class=\"hvrshowinf\"> En Autism Care Plus, somos una organizaci\u00f3n propiedad de BCBA fundada por padres de un ni\u00f1o con autismo. Ofrecemos terapia para ni\u00f1os de 2 a 21 a\u00f1os en los entornos que mejor se adapten a su familia, ya sea en casa, en la escuela, en la cl\u00ednica o en la comunidad.<\/span>\n\t\t<\/div>\t\t\t\n\t\t\t\n\t<\/div>\n\n\n\t\n<h2>\n\t\tAyuda profesional cerca de ti\n\t<\/h2>\n\t<h3>\n\t\t\t\tReliable Autism Care <br \/> That You Can Trust\n\t\t\t<\/h3>\n\t\t\t<strong>Nuestras cl\u00ednicas han crecido hasta ofrecer instalaciones para el diagn\u00f3stico y el tratamiento manipulativo del trastorno del espectro autista.<\/strong>Autism Care Plus, founded by a BCBA and a special needs child&#8217;s mom, is committed to providing effective Applied Behavior Analysis (ABA) services for children with developmental disabilities and autism spectrum disorders. Our evidence-based, personalized ABA programs focus on enhancing adaptive and social-emotional behaviors, promoting independence, and improving the overall quality of life. Autism Care Plus, founded by a BCBA and a special needs child&#8217;s mom, is committed to providing effective Applied Behavior Analysis.\t\n\t\t\t<h3>Schedule: Monday To Friday 9:00 AM &#8211; 5:00 PM<\/h3>\t\t\t\n\t\t\t\t<img loading=\"lazy\" decoding=\"async\" src=\"https:\/\/autismcareplus.com\/wp-content\/uploads\/2025\/02\/Screenshot_39.jpg\" alt=\"Screenshot_39\" itemprop=\"image\" height=\"440\" width=\"414\" title=\"Screenshot_39\" onerror=\"this.style.display='none'\"  \/>\n<h2>\n\t\tAyuda profesional cerca de ti\n\t<\/h2>\n\t<h3>\n\t\t\t\tA Leading Provider of Advanced Orthotic and Prosthetic Care\n\t\t\t<\/h3>\n\t\t\t\t<img decoding=\"async\" src=\"https:\/\/autismcareplus.com\/wp-content\/uploads\/bb-plugin\/cache\/prosthetic-1-square.png\" alt=\"prosthetic (1)\" title=\"prosthetic (1)\" itemprop=\"image\"\/>\n\t\t<h3>Prosthetics Services<\/h3>\t\t\t\n\t\t\t\t<p>Our prosthetic solutions meet individual aesthetic and functional needs, from high-definition legs for high heels to custom-made sockets and support limbs.<\/p>\n\t\t\t<a href=\"\" target=\"_self\"   role=\"button\" aria-label=\"Leer m\u00e1s\">\n\t\t\t\t\t\t\t\t\t\t\tLeer m\u00e1s\n\t\t<\/a>\n\t\t\t\t<img decoding=\"async\" src=\"https:\/\/autismcareplus.com\/wp-content\/uploads\/bb-plugin\/cache\/orthotics-1-square.png\" alt=\"orthotics (1)\" title=\"orthotics (1)\" itemprop=\"image\"\/>\n\t\t<h3>Orthotics Services<\/h3>\t\t\t\n\t\t\t\t<p>We specialize in creating custom-designed orthotics to alleviate everyday challenges and mobility issues associated with even the most debilitating conditions.<\/p>\n\t\t\t<a href=\"\" target=\"_self\"   role=\"button\" aria-label=\"Leer m\u00e1s\">\n\t\t\t\t\t\t\t\t\t\t\tLeer m\u00e1s\n\t\t<\/a>\n\t\t\t\t<img decoding=\"async\" src=\"https:\/\/autismcareplus.com\/wp-content\/uploads\/bb-plugin\/cache\/pediatric-2-square.png\" alt=\"pediatric (2)\" title=\"pediatric (2)\" itemprop=\"image\"\/>\n\t\t<h3>Pediatrics Services<\/h3>\t\t\t\n\t\t\t\t<p>We are here every step of the way to explain our process and help you understand the long-term care plan while involving you in decision-making for your child.<\/p>\n\t\t\t<a href=\"\" target=\"_self\"   role=\"button\" aria-label=\"Leer m\u00e1s\">\n\t\t\t\t\t\t\t\t\t\t\tLeer m\u00e1s\n\t\t<\/a>\n\t\t\t<a href=\"\" target=\"_self\" role=\"button\">\n\t\t\t\t\t\t\tExplore todos los servicios\n\t\t\t<\/a>\n<h2>\n\t\tNuestro enfoque\n\t<\/h2>\n\t<h3>\n\t\t\t\tSolo lo mejor\n\t\t\t<\/h3>\n\t\t\t<p>Our mission is to cultivate trust, build rapport, and foster a love for learning, offering children with autism a strong foundation for continuous growth and development. Our devoted staff is committed to helping each child unlock their distinct potential &#8211; covering adaptive, behavioral, cognitive, and social aspects &#8211; by employing data-driven, scientifically proven ABA techniques.<\/p>\t\n\t\t\t\t<img decoding=\"async\" src=\"https:\/\/autismcareplus.com\/wp-content\/uploads\/2025\/02\/ui-1.png\" alt=\"ui (1)\" itemprop=\"image\" title=\"ui (1)\" onerror=\"this.style.display='none'\"  \/>\n\t\t\t\t<img decoding=\"async\" src=\"https:\/\/autismcareplus.com\/wp-content\/uploads\/2025\/02\/stethoscope-1.png\" alt=\"stethoscope (1)\" title=\"stethoscope (1)\" itemprop=\"image\"\/>\n\t\t<h3>An\u00e1lisis conductual aplicado<\/h3>\t\t\t\n\t\t\t\t<img decoding=\"async\" src=\"https:\/\/autismcareplus.com\/wp-content\/uploads\/2025\/02\/caduceus-symbol-1.png\" alt=\"caduceus-symbol (1)\" title=\"caduceus-symbol (1)\" itemprop=\"image\"\/>\n\t\t<h3>Modern Equipment<\/h3>\t\t\t\n\t\t\t\t<img decoding=\"async\" src=\"https:\/\/autismcareplus.com\/wp-content\/uploads\/2025\/02\/medicine-1.png\" alt=\"medicine (1)\" title=\"medicine (1)\" itemprop=\"image\"\/>\n\t\t<h3>Entrenamiento por ensayos discretos<\/h3>\t\t\t\n\t\t\t\t<img decoding=\"async\" src=\"https:\/\/autismcareplus.com\/wp-content\/uploads\/2025\/02\/siren-2.png\" alt=\"siren (2)\" title=\"siren (2)\" itemprop=\"image\"\/>\n\t\t<h3>Apoyo al comportamiento positivo<\/h3>\t\t\t\n\t\t\t\t<img decoding=\"async\" src=\"https:\/\/autismcareplus.com\/wp-content\/uploads\/2025\/02\/ambulance-1.png\" alt=\"ambulance (1)\" title=\"ambulance (1)\" itemprop=\"image\"\/>\n\t\t<h3>Ambulance Service<\/h3>\t\t\t\n\t\t\t\t<img decoding=\"async\" src=\"https:\/\/autismcareplus.com\/wp-content\/uploads\/2025\/02\/healthcare-1.png\" alt=\"healthcare (1)\" title=\"healthcare (1)\" itemprop=\"image\"\/>\n\t\t<h3>Optimized Solutions<\/h3>\t\t\t\n\t\t\t\t<img decoding=\"async\" src=\"https:\/\/autismcareplus.com\/wp-content\/uploads\/2025\/02\/24-hours-service-1.png\" alt=\"24-hours-service (1)\" title=\"24-hours-service (1)\" itemprop=\"image\"\/>\n\t\t<h3>Online 24\/7 Support<\/h3>\t\t\t\n\t\t\t\t<img decoding=\"async\" src=\"https:\/\/autismcareplus.com\/wp-content\/uploads\/2025\/02\/diagonal-arrow-1.png\" alt=\"diagonal-arrow (1)\" title=\"diagonal-arrow (1)\" itemprop=\"image\"\/>\n\t\t<h3>View More Features<\/h3>\t\t\t\n\t\t\t\t<img decoding=\"async\" src=\"https:\/\/autismcareplus.com\/wp-content\/uploads\/2025\/02\/ui-2-1.png\" alt=\"ui 2 (1)\" itemprop=\"image\" title=\"ui 2 (1)\" onerror=\"this.style.display='none'\"  \/>\n<h2>\n\t\tOur Clinic&#8217;s Leading Autism Support Partner, Nationwide Team of Care Experts\n\t<\/h2>\n\t\t\t<a href=\"\" target=\"_self\" role=\"button\">\n\t\t\t\t\t\t\tFIND A SPECIALIST\n\t\t\t\t\t<\/a>\n\t\t\t<a href=\"\" target=\"_self\" role=\"button\">\n\t\t\t\t\t\t\tCONT\u00c1CTENOS AHORA\n\t\t\t<\/a>\n<h2>\n\t\tPreguntas frecuentes\n\t<\/h2>\n\t<h3>\n\t\t\t\tCon frecuencia <br \/>preguntas formuladas\n\t\t\t<\/h3>\n\t\t\t<a href=\"\" target=\"_self\" role=\"button\">\n\t\t\t\t\t\t\tView All FAQs\n\t\t\t<\/a>\n\t\t\t<h3>How do I get started with Action Behavior Centers?<\/h3>\t\t\t\n\t\t\t\t<p><a href=\"https:\/\/abc-odw-7851.webflow.io\/get-started\" target=\"_blank\" rel=\"noopener\">Fill out this simple form<\/a>, and we will call you to discuss your family&#8217;s needs. Next, we&#8217;ll schedule you and your child for a visit to our center. We can also schedule an\u00a0<a href=\"https:\/\/abc-odw-7851.webflow.io\/screener\/ados-2\" target=\"_blank\" rel=\"noopener\">ADOS-2<\/a>\u00a0or other\u00a0<a href=\"https:\/\/abc-odw-7851.webflow.io\/screener\" target=\"_blank\" rel=\"noopener\">Comprehensive Diagnostic Evaluation (CDE)<\/a>, if necessary. After completing intake paperwork, you and your child will meet their Board Certified Behavior Analyst (BCBA) to set therapy goals.<\/p>\n\t\t\t<h3>What is the CAST?<\/h3>\t\t\t\n\t\t\t\t<p>The Childhood Autism Spectrum Test (CAST) is a 39-item questionnaire for parents that focuses on behaviors and abilities that can indicate ASD. It can help identify children who may benefit from further evaluation and intervention.<\/p>\n\t\t\t<h3>What is applied behavior analysis (ABA) therapy?<\/h3>\t\t\t\n\t\t\t\t<p>ABA therapy is a gold standard approach for helping children with autism learn and meet milestones. This evidence-based therapy method helps children reduce target behaviors through play, positive reinforcement, and other ABA techniques.\u00a0<\/p>\n\t\t\t<h3>Does insurance cover ABA therapy?<\/h3>\t\t\t\n\t\t\t\t<p>Most health insurance plans cover ABA therapy, and we are proud to be in-network with the largest health insurers in our service areas. At ABC, our insurance specialists handle the details, so you don&#8217;t have to. We verify your child&#8217;s ABA therapy coverage, complete any necessary pre-authorization paperwork, and directly bill the insurance company for services.<\/p>\n<h2>\n\t\t\u00a1La mejor atenci\u00f3n posible!\n\t<\/h2>\n\t<h3>\n\t\t\t\tDifferent Types Of <br \/>Departments\n\t\t\t<\/h3>\n\t<p>Max Hospital, a medical and health department provider institution.Suitable for healthcare, medical, doctor, dental, dentist, pharmacy, health, and any related medical care field.<\/p>\n\t\t\t<a href=\"\" target=\"_self\" role=\"button\">\n\t\t\t\t\t\t\tVer todo el departamento\n\t\t\t<\/a>\n\t\t\t\t<img decoding=\"async\" src=\"https:\/\/autismcareplus.com\/wp-content\/uploads\/2025\/02\/doctor-1.png\" alt=\"doctor (1)\" itemprop=\"image\" title=\"doctor (1)\" onerror=\"this.style.display='none'\"  \/>\n\t\t233+\n\t\t\t\t\tExpert Doctors\n\t\t\t\t<img decoding=\"async\" src=\"https:\/\/autismcareplus.com\/wp-content\/uploads\/2024\/08\/dentist-2.png\" alt=\"dentist (2)\" itemprop=\"image\" title=\"dentist (2)\" onerror=\"this.style.display='none'\"  \/>\n\t\t2,005+\n\t\t\t\t\tHappy Patients\n\t\t\t\t<img decoding=\"async\" src=\"https:\/\/autismcareplus.com\/wp-content\/uploads\/2025\/02\/medicine-1-1.png\" alt=\"medicine (1) (1)\" itemprop=\"image\" title=\"medicine (1) (1)\" onerror=\"this.style.display='none'\"  \/>\n\t\t376+\n\t\t\t\t\tHealth Departments\n\t\t\t\t<img decoding=\"async\" src=\"https:\/\/autismcareplus.com\/wp-content\/uploads\/2025\/02\/stethoscope-1-1.png\" alt=\"stethoscope (1) (1)\" itemprop=\"image\" title=\"stethoscope (1) (1)\" onerror=\"this.style.display='none'\"  \/>\n\t\t4,456+\n\t\t\t\t\tTotal Branches\n\t\t\t\t<img decoding=\"async\" src=\"https:\/\/autismcareplus.com\/wp-content\/uploads\/2025\/02\/biological-scientist-looking-samples-by-using-microscope-doing-research-new-vaccine-pharm_926199-4253696-1.webp\" alt=\"biological-scientist-looking-samples-by-using-microscope-doing-research-new-vaccine-pharm_926199-4253696 1\" itemprop=\"image\" title=\"biological-scientist-looking-samples-by-using-microscope-doing-research-new-vaccine-pharm_926199-4253696 1\" onerror=\"this.style.display='none'\"  \/>\n<h2>\n\t\tNuestros blogs\n\t<\/h2>\n\t<h3>\n\t\t\t\tNoticias y art\u00edculos\n\t\t\t<\/h3>\n\t\t\t\t\t\t\t\t\t\t\t\t\t\t<a href=\"https:\/\/autismcareplus.com\/es\/can-sparkling-water-damage-your-teeth-like-soda-does\/\" target=\"_self\" title=\"Can Sparkling Water Damage your Teeth like Soda Does?\">\n\t\t\t\t<img decoding=\"async\" src=\"https:\/\/autismcareplus.com\/wp-content\/uploads\/2024\/08\/gallery-5.jpg\" alt=\"\" \/>\n\t\t\t\t<\/a>\n\t\t\t\t\t\t\t<h5>\n\t\t\t\t\t\t\tBy\t\t\t <a href=\"https:\/\/autismcareplus.com\/es\/author\/dave\/\">\n\t\t\t\t\tDave\t\t\t\t<\/a>\n\t\t\t | \t\t\t\n\t\t\tJanuary 10, 2024\t\t\t\n\t\t\t\t\t\t\t<\/h5>\n\t\t\t\t\t\t\t<h3>\n\t\t\t\t<a href=\"https:\/\/autismcareplus.com\/es\/can-sparkling-water-damage-your-teeth-like-soda-does\/\" title=\"Can Sparkling Water Damage your Teeth like Soda Does?\" tabindex=\"0\">Can Sparkling Water Damage your Teeth like Soda Does?<\/a>\t\t\t<\/h3>\n\t\t\t\t\t\t\t\tWhile sparkling water is often considered a healthier alternative to soda &#8230;\n\t\t\t<a href=\"https:\/\/autismcareplus.com\/es\/can-sparkling-water-damage-your-teeth-like-soda-does\/\" target=\"_self\"   role=\"button\" aria-label=\"Leer m\u00e1s\">\n\t\t\t\t\t\t\tLeer m\u00e1s\n\t\t<\/a>\n\t\t\t\t\t\t\t\t\t\t\t\t\t\t<a href=\"https:\/\/autismcareplus.com\/es\/diabetes-and-oral-health-the-not-so-sweet-connection\/\" target=\"_self\" title=\"Diabetes and Oral Health - The Not-so-sweet Connection\">\n\t\t\t\t<img decoding=\"async\" src=\"https:\/\/autismcareplus.com\/wp-content\/uploads\/2024\/08\/gallery-6.jpg\" alt=\"\" \/>\n\t\t\t\t<\/a>\n\t\t\t\t\t\t\t<h5>\n\t\t\t\t\t\t\tBy\t\t\t <a href=\"https:\/\/autismcareplus.com\/es\/author\/dave\/\">\n\t\t\t\t\tDave\t\t\t\t<\/a>\n\t\t\t | \t\t\t\n\t\t\tJanuary 10, 2024\t\t\t\n\t\t\t\t\t\t\t<\/h5>\n\t\t\t\t\t\t\t<h3>\n\t\t\t\t<a href=\"https:\/\/autismcareplus.com\/es\/diabetes-and-oral-health-the-not-so-sweet-connection\/\" title=\"Diabetes and Oral Health - The Not-so-sweet Connection\" tabindex=\"0\">Diabetes and Oral Health &#8211; The Not-so-sweet Connection<\/a>\t\t\t<\/h3>\n\t\t\t\t\t\t\t\tDiabetes and oral health share a complex relationship, as the chronic &#8230;\n\t\t\t<a href=\"https:\/\/autismcareplus.com\/es\/diabetes-and-oral-health-the-not-so-sweet-connection\/\" target=\"_self\"   role=\"button\" aria-label=\"Leer m\u00e1s\">\n\t\t\t\t\t\t\tLeer m\u00e1s\n\t\t<\/a>\n\t\t\t\t\t\t\t\t\t\t\t\t\t\t<a href=\"https:\/\/autismcareplus.com\/es\/for-oral-health-does-vaping-smoke-the-competition\/\" target=\"_self\" title=\"For Oral Health, Does Vaping Smoke the Competition?\">\n\t\t\t\t<img decoding=\"async\" src=\"https:\/\/autismcareplus.com\/wp-content\/uploads\/2024\/08\/gallery-3.jpg\" alt=\"\" \/>\n\t\t\t\t<\/a>\n\t\t\t\t\t\t\t<h5>\n\t\t\t\t\t\t\tBy\t\t\t <a href=\"https:\/\/autismcareplus.com\/es\/author\/dave\/\">\n\t\t\t\t\tDave\t\t\t\t<\/a>\n\t\t\t | \t\t\t\n\t\t\tJanuary 10, 2024\t\t\t\n\t\t\t\t\t\t\t<\/h5>\n\t\t\t\t\t\t\t<h3>\n\t\t\t\t<a href=\"https:\/\/autismcareplus.com\/es\/for-oral-health-does-vaping-smoke-the-competition\/\" title=\"For Oral Health, Does Vaping Smoke the Competition?\" tabindex=\"0\">For Oral Health, Does Vaping Smoke the Competition?<\/a>\t\t\t<\/h3>\n\t\t\t\t\t\t\t\tWhile vaping is often considered a less harmful alternative to smoking &#8230;\n\t\t\t<a href=\"https:\/\/autismcareplus.com\/es\/for-oral-health-does-vaping-smoke-the-competition\/\" target=\"_self\"   role=\"button\" aria-label=\"Leer m\u00e1s\">\n\t\t\t\t\t\t\tLeer m\u00e1s\n\t\t<\/a>","protected":false},"excerpt":{"rendered":"<p>PERSONALIZED ABA THERAPY AT Professional Help Near You Reliable Autism Care That You Can Trust Our clinics have grown to provide facility of the diagnosis manipulative treatment for autism spectrum disorder.Autism Care Plus, founded by a BCBA and a special needs child&#8217;s mom, is committed to providing effective Applied Behavior Analysis (ABA) services for children [&hellip;]<\/p>\n","protected":false},"author":1,"featured_media":0,"parent":0,"menu_order":0,"comment_status":"closed","ping_status":"closed","template":"","meta":{"footnotes":""},"class_list":["post-16603","page","type-page","status-publish","hentry"],"acf":[],"_links":{"self":[{"href":"https:\/\/autismcareplus.com\/es\/wp-json\/wp\/v2\/pages\/16603","targetHints":{"allow":["GET"]}}],"collection":[{"href":"https:\/\/autismcareplus.com\/es\/wp-json\/wp\/v2\/pages"}],"about":[{"href":"https:\/\/autismcareplus.com\/es\/wp-json\/wp\/v2\/types\/page"}],"author":[{"embeddable":true,"href":"https:\/\/autismcareplus.com\/es\/wp-json\/wp\/v2\/users\/1"}],"replies":[{"embeddable":true,"href":"https:\/\/autismcareplus.com\/es\/wp-json\/wp\/v2\/comments?post=16603"}],"version-history":[{"count":2,"href":"https:\/\/autismcareplus.com\/es\/wp-json\/wp\/v2\/pages\/16603\/revisions"}],"predecessor-version":[{"id":16615,"href":"https:\/\/autismcareplus.com\/es\/wp-json\/wp\/v2\/pages\/16603\/revisions\/16615"}],"wp:attachment":[{"href":"https:\/\/autismcareplus.com\/es\/wp-json\/wp\/v2\/media?parent=16603"}],"curies":[{"name":"wp","href":"https:\/\/api.w.org\/{rel}","templated":true}]}}